{"id":50192,"date":"2026-03-14T12:55:46","date_gmt":"2026-03-14T09:55:46","guid":{"rendered":"https:\/\/northpierinvest.com\/?page_id=50192"},"modified":"2026-03-15T14:06:53","modified_gmt":"2026-03-15T11:06:53","slug":"faq","status":"publish","type":"page","link":"https:\/\/northpierinvest.com\/tr\/faq\/","title":{"rendered":"S.S.S"},"content":{"rendered":"<p>[vc_row css=&#8221;.vc_custom_1619509319604{margin-top: 30px !important;margin-bottom: 30px !important;}&#8221;][vc_column]<div class=\"hero cast-title title-smaller\">NORTH PIER GAYR\u0130MENKUL &amp; YATIRIM HAKKINDA<\/div>[vc_column_text]North Pier Investment, 2014 y\u0131l\u0131nda gayrimenkul ve yat\u0131r\u0131m alan\u0131nda g\u00fcvenilir, \u015feffaf ve s\u00fcrd\u00fcr\u00fclebilir \u00e7\u00f6z\u00fcmler sunmak amac\u0131yla kurulmu\u015ftur. Kurulu\u015fumuzdan bu yana yat\u0131r\u0131mc\u0131lar\u0131m\u0131z\u0131n ihtiya\u00e7lar\u0131n\u0131 do\u011fru analiz ederek, onlara en do\u011fru yat\u0131r\u0131m f\u0131rsatlar\u0131n\u0131 sunmay\u0131 hedefliyoruz.[\/vc_column_text][vc_column_text]Merkez faaliyet b\u00f6lgemiz Alanya olmakla birlikte; Antalya, Mersin, \u0130zmir, \u0130stanbul, Ankara, \u00c7e\u015fme, Marmaris, Bodrum gibi T\u00fcrkiye\u2019nin ve b\u00f6lgenin \u00f6nemli yat\u0131r\u0131m noktalar\u0131nda hizmet vermekteyiz. Geni\u015f portf\u00f6y\u00fcm\u00fcz ve b\u00f6lgesel uzmanl\u0131\u011f\u0131m\u0131z sayesinde yat\u0131r\u0131mc\u0131lar\u0131m\u0131za farkl\u0131 lokasyonlarda g\u00fc\u00e7l\u00fc ve kazan\u00e7l\u0131 f\u0131rsatlar sunuyoruz.[\/vc_column_text][\/vc_column][\/vc_row][vc_row full_width=&#8221;stretch_row&#8221; css=&#8221;.vc_custom_1773477977380{padding-bottom: 40px !important;}&#8221;][vc_column][vc_tta_accordion style=&#8221;flat&#8221; shape=&#8221;square&#8221; color=&#8221;black&#8221; active_section=&#8221;1&#8243;][vc_tta_section title=&#8221;Gayrimenkul\u00fcm\u00fc web sitenizde nas\u0131l listeleyebilirim?&#8221; tab_id=&#8221;1773481572614-fbe364f9-7563&#8243;][vc_column_text]Gayrimenkul\u00fcn\u00fcz\u00fc listelemek i\u00e7in web sitemizde bir hesap olu\u015fturun, do\u011fru ara\u00e7 bilgilerini verin, y\u00fcksek kaliteli foto\u011fraflar y\u00fckleyin ve uygun bir fiyat belirleyin.[\/vc_column_text][\/vc_tta_section][vc_tta_section title=&#8221;Tek bir hesap alt\u0131nda birden fazla gayrimenkul listeleyebilir miyim?&#8221; tab_id=&#8221;1773481572625-edff18ea-a76d&#8221;][vc_column_text]Evet, tek bir hesap kullanarak birden fazla gayrimenkul ve projeyi listeleyebilirsiniz. Her gayrimenkul ve proje i\u00e7in ayn\u0131 listeleme s\u00fcrecini izlemeniz yeterlidir.[\/vc_column_text][\/vc_tta_section][vc_tta_section title=&#8221;Gayrimenkul\u00fcm\u00fc platformunuzda listelemek \u00fccretli mi?&#8221; tab_id=&#8221;1773481678719-860ddd7c-1e70&#8243;][vc_column_text]Hem \u00fccretsiz hem de premium ilan se\u00e7enekleri sunuyoruz. Temel ilanlar \u00fccretsizdir, premium se\u00e7enekler ise \u00fccret kar\u015f\u0131l\u0131\u011f\u0131nda daha fazla g\u00f6r\u00fcn\u00fcrl\u00fck ve ek \u00f6zellikler i\u00e7erebilir.[\/vc_column_text][\/vc_tta_section][vc_tta_section title=&#8221;Gayrimenkul ilan\u0131mda ne t\u00fcr bilgilere yer vermeliyim?&#8221; tab_id=&#8221;1773481747619-0322a55b-52bd&#8221;][vc_column_text]Sunulan olanaklar, \u00f6zellikler, tesisler, fiyat ve metrekare cinsinden alan gibi ayr\u0131nt\u0131l\u0131 bilgiler vermek \u00f6nemlidir. Ne kadar \u00e7ok ayr\u0131nt\u0131 verirseniz, potansiyel al\u0131c\u0131lar\u0131 \u00e7ekme \u015fans\u0131n\u0131z o kadar artar.[\/vc_column_text][\/vc_tta_section][vc_tta_section title=&#8221;Emlak ilan\u0131m ne kadar s\u00fcreyle aktif kalacak?&#8221; tab_id=&#8221;1773481791313-19ac0ac0-0cf9&#8243;][vc_column_text]Emlak ilan\u0131n\u0131z\u0131n yay\u0131n s\u00fcresi, se\u00e7ti\u011finiz ilan t\u00fcr\u00fcne ba\u011fl\u0131d\u0131r. \u00dccretsiz ilanlar\u0131n genellikle standart bir s\u00fcresi vard\u0131r, premium ilanlar\u0131n ise daha uzun g\u00f6r\u00fcn\u00fcrl\u00fck s\u00fcreleri olabilir.[\/vc_column_text][\/vc_tta_section][vc_tta_section title=&#8221;\u0130lan\u0131m\u0131 yay\u0131nlad\u0131ktan sonra d\u00fczenleyebilir miyim?&#8221; tab_id=&#8221;1773481845609-87b3743c-44c9&#8243;][vc_column_text]Evet, ilan\u0131n\u0131z\u0131 istedi\u011finiz zaman d\u00fczenleyebilirsiniz. Hesab\u0131n\u0131za giri\u015f yap\u0131n, ilan\u0131n\u0131za eri\u015fin ve ayr\u0131nt\u0131larda, fiyatta veya resimlerde gerekli de\u011fi\u015fiklikleri yap\u0131n.[\/vc_column_text][\/vc_tta_section][vc_tta_section title=&#8221;Potansiyel al\u0131c\u0131larla nas\u0131l ileti\u015fim kurabilirim?&#8221; tab_id=&#8221;1773481899665-cc41597d-94e0&#8243;][vc_column_text]\u0130lgilenen al\u0131c\u0131lar, ilan\u0131n\u0131zda belirtti\u011finiz ileti\u015fim bilgileriniz arac\u0131l\u0131\u011f\u0131yla sizinle ileti\u015fime ge\u00e7ebilirler. G\u00f6r\u00fc\u015fmeler s\u0131ras\u0131nda gizlilik ve g\u00fcvenli\u011fi korumak i\u00e7in g\u00fcvenli mesajla\u015fma sistemimizi kullanman\u0131z\u0131 \u00f6neririz.[\/vc_column_text][\/vc_tta_section][vc_tta_section title=&#8221;M\u00fclk\u00fcm ba\u015fka bir platform \u00fczerinden sat\u0131l\u0131rsa veya kiralan\u0131rsa ne olur?&#8221; tab_id=&#8221;1773481942023-abcee67e-9600&#8243;][vc_column_text]E\u011fer m\u00fclk\u00fcn\u00fcz ba\u015fka bir platform \u00fczerinden sat\u0131l\u0131r veya kiralan\u0131rsa, potansiyel al\u0131c\u0131lar i\u00e7in herhangi bir kar\u0131\u015f\u0131kl\u0131\u011f\u0131 \u00f6nlemek amac\u0131yla ilan\u0131n\u0131z\u0131 web sitemizden derhal kald\u0131rman\u0131z veya sat\u0131ld\u0131 olarak i\u015faretlemeniz \u00f6nemlidir.[\/vc_column_text][\/vc_tta_section][vc_tta_section title=&#8221;Gayrimenkul foto\u011fraflar\u0131 \u00e7ekmek i\u00e7in herhangi bir ipucu var m\u0131?&#8221; tab_id=&#8221;1773482075074-dd1c4d78-7cf2&#8243;][vc_column_text]Kesinlikle! \u00c7e\u015fitli a\u00e7\u0131lardan \u00e7ekilmi\u015f, net ve iyi ayd\u0131nlat\u0131lm\u0131\u015f foto\u011fraflar ilan\u0131n\u0131z\u0131 \u00f6nemli \u00f6l\u00e7\u00fcde geli\u015ftirebilir. \u0130\u00e7 mekan, d\u0131\u015f mekan, motor ve varsa \u00f6zel \u00f6zelliklerin foto\u011fraflar\u0131n\u0131 ekleyin.[\/vc_column_text][\/vc_tta_section][vc_tta_section title=&#8221;Sahtekarl\u0131\u011f\u0131 \u00f6nlemek i\u00e7in hangi g\u00fcvenlik \u00f6nlemleri al\u0131nm\u0131\u015ft\u0131r?&#8221; tab_id=&#8221;1773482101172-04394a67-b965&#8243;][vc_column_text]Doland\u0131r\u0131c\u0131l\u0131k \u00f6nleme konusunu ciddiye al\u0131yoruz. \u00c7e\u015fitli g\u00fcvenlik \u00f6nlemleri kullan\u0131yoruz ve yerel olarak i\u015flem yapman\u0131z\u0131, al\u0131c\u0131 bilgilerini do\u011frulaman\u0131z\u0131 ve ola\u011fand\u0131\u015f\u0131 \u00f6deme taleplerine kar\u015f\u0131 dikkatli olman\u0131z\u0131 \u00f6neriyoruz.[\/vc_column_text][\/vc_tta_section][\/vc_tta_accordion][\/vc_column][\/vc_row][vc_row][vc_column el_class=&#8221;listing-form-area&#8221;]<div class=\"hero text-left\">Ki\u015fisel sunum i\u00e7in bizimle ileti\u015fime ge\u00e7in!<\/div>[vc_empty_space]\n<div class=\"wpcf7 no-js\" id=\"wpcf7-f1171-o1\" lang=\"en-US\" dir=\"ltr\" data-wpcf7-id=\"1171\">\n<div class=\"screen-reader-response\"><p role=\"status\" aria-live=\"polite\" aria-atomic=\"true\"><\/p> <ul><\/ul><\/div>\n<form action=\"\/tr\/wp-json\/wp\/v2\/pages\/50192#wpcf7-f1171-o1\" method=\"post\" class=\"wpcf7-form init\" aria-label=\"Contact form\" novalidate=\"novalidate\" data-status=\"init\">\n<fieldset class=\"hidden-fields-container\"><input type=\"hidden\" name=\"_wpcf7\" value=\"1171\" \/><input type=\"hidden\" name=\"_wpcf7_version\" value=\"6.1.5\" \/><input type=\"hidden\" name=\"_wpcf7_locale\" value=\"en_US\" \/><input type=\"hidden\" name=\"_wpcf7_unit_tag\" value=\"wpcf7-f1171-o1\" \/><input type=\"hidden\" name=\"_wpcf7_container_post\" value=\"0\" \/><input type=\"hidden\" name=\"_wpcf7_posted_data_hash\" value=\"\" \/><input type=\"hidden\" name=\"_wpcf7_locale_orj\" value=\"tr_TR\" \/>\n<\/fieldset>\n<div class=\"wpcf7-turnstile cf-turnstile\" data-sitekey=\"0x4AAAAAACx89XvKh7c-4vxs\" data-response-field-name=\"_wpcf7_turnstile_response\"><\/div>\n\n<div class=\"fields fields-3\">\n\t<p><span class=\"wpcf7-form-control-wrap\" data-name=\"your-name\"><input size=\"40\" maxlength=\"400\" class=\"wpcf7-form-control wpcf7-text wpcf7-validates-as-required name\" aria-required=\"true\" aria-invalid=\"false\" placeholder=\"Name*\" value=\"\" type=\"text\" name=\"your-name\" \/><\/span><br \/>\n<span class=\"wpcf7-form-control-wrap\" data-name=\"your-email\"><input size=\"40\" maxlength=\"400\" class=\"wpcf7-form-control wpcf7-email wpcf7-validates-as-required wpcf7-text wpcf7-validates-as-email email\" aria-required=\"true\" aria-invalid=\"false\" placeholder=\"E-Mail*\" value=\"\" type=\"email\" name=\"your-email\" \/><\/span><br \/>\n<span class=\"wpcf7-form-control-wrap\" data-name=\"your-phone\"><input size=\"40\" class=\"wpcf7-form-control wpcf7-phonetext wpcf7-validates-as-required wpcf7-text wpcf7-validates-as-phonetext phone\" aria-required=\"true\" aria-invalid=\"false\" value=\"+90\" type=\"text\" name=\"your-phone\" \/><input type=\"hidden\" name=\"your-phone-country-code\" class=\"wpcf7-phonetext-country-code\" \/><\/span>\n\t<\/p>\n<\/div>\n<div class=\"fields fields-odd\">\n\t<p><span class=\"wpcf7-form-control-wrap\" data-name=\"your-question\"><input size=\"40\" maxlength=\"400\" class=\"wpcf7-form-control wpcf7-text wpcf7-validates-as-required question\" aria-required=\"true\" aria-invalid=\"false\" placeholder=\"Any Question?\" value=\"\" type=\"text\" name=\"your-question\" \/><\/span><br \/>\n<input class=\"wpcf7-form-control wpcf7-submit has-spinner\" type=\"submit\" value=\"Send\" \/>\n\t<\/p>\n<\/div><div class=\"wpcf7-response-output\" aria-hidden=\"true\"><\/div>\n<\/form>\n<\/div>\n[vc_empty_space][\/vc_column][\/vc_row]<\/p>","protected":false},"excerpt":{"rendered":"<p>[vc_row css=&#8221;.vc_custom_1619509319604{margin-top: 30px !important;margin-bottom: 30px !important;}&#8221;][vc_column][vc_column_text]North Pier Investment, 2014 y\u0131l\u0131nda gayrimenkul ve yat\u0131r\u0131m alan\u0131nda g\u00fcvenilir, \u015feffaf ve s\u00fcrd\u00fcr\u00fclebilir \u00e7\u00f6z\u00fcmler sunmak amac\u0131yla kurulmu\u015ftur. Kurulu\u015fumuzdan bu yana yat\u0131r\u0131mc\u0131lar\u0131m\u0131z\u0131n ihtiya\u00e7lar\u0131n\u0131 do\u011fru analiz ederek, onlara en do\u011fru yat\u0131r\u0131m f\u0131rsatlar\u0131n\u0131 sunmay\u0131 hedefliyoruz.[\/vc_column_text][vc_column_text]Merkez faaliyet b\u00f6lgemiz Alanya olmakla birlikte; Antalya, Mersin, \u0130zmir, \u0130stanbul, Ankara, \u00c7e\u015fme, Marmaris, Bodrum gibi T\u00fcrkiye\u2019nin ve b\u00f6lgenin \u00f6nemli [&hellip;]<\/p>\n","protected":false},"author":5,"featured_media":0,"parent":0,"menu_order":0,"comment_status":"closed","ping_status":"closed","template":"","meta":{"inline_featured_image":false,"footnotes":""},"class_list":["post-50192","page","type-page","status-publish","hentry"],"_links":{"self":[{"href":"https:\/\/northpierinvest.com\/tr\/wp-json\/wp\/v2\/pages\/50192","targetHints":{"allow":["GET"]}}],"collection":[{"href":"https:\/\/northpierinvest.com\/tr\/wp-json\/wp\/v2\/pages"}],"about":[{"href":"https:\/\/northpierinvest.com\/tr\/wp-json\/wp\/v2\/types\/page"}],"author":[{"embeddable":true,"href":"https:\/\/northpierinvest.com\/tr\/wp-json\/wp\/v2\/users\/5"}],"replies":[{"embeddable":true,"href":"https:\/\/northpierinvest.com\/tr\/wp-json\/wp\/v2\/comments?post=50192"}],"version-history":[{"count":3,"href":"https:\/\/northpierinvest.com\/tr\/wp-json\/wp\/v2\/pages\/50192\/revisions"}],"predecessor-version":[{"id":50285,"href":"https:\/\/northpierinvest.com\/tr\/wp-json\/wp\/v2\/pages\/50192\/revisions\/50285"}],"wp:attachment":[{"href":"https:\/\/northpierinvest.com\/tr\/wp-json\/wp\/v2\/media?parent=50192"}],"curies":[{"name":"wp","href":"https:\/\/api.w.org\/{rel}","templated":true}]}}