{"id":246,"date":"2021-03-07T14:04:49","date_gmt":"2021-03-07T14:04:49","guid":{"rendered":"https:\/\/northpierinvest.com\/?page_id=246"},"modified":"2026-03-15T14:04:02","modified_gmt":"2026-03-15T11:04:02","slug":"contact","status":"publish","type":"page","link":"https:\/\/northpierinvest.com\/tr\/contact\/","title":{"rendered":"\u0130leti\u015fim"},"content":{"rendered":"<p><\/p>\n<p>[vc_row][vc_column][vc_gmaps link=&#8221;#E-8_JTNDaWZyYW1lJTIwc3JjJTNEJTIyaHR0cHMlM0ElMkYlMkZ3d3cuZ29vZ2xlLmNvbSUyRm1hcHMlMkZlbWJlZCUzRnBiJTNEJTIxMW0xOCUyMTFtMTIlMjExbTMlMjExZDQwMC42NjQ0MDk0Mjk5NzkzJTIxMmQzMS45OTMyMjczMjEyOTIyOCUyMTNkMzYuNTQ2NTEwNDMwNjQxNzk2JTIxMm0zJTIxMWYwJTIxMmYwJTIxM2YwJTIxM20yJTIxMWkxMDI0JTIxMmk3NjglMjE0ZjEzLjElMjEzbTMlMjExbTIlMjExczB4MTRkYzk5MDA0YzllYjIyNSUyNTNBMHhmMGRiMzUyNWQ2NDNjOGQ3JTIxMnNOb3J0aCUyNTIwUGllciUyNTIwSW52ZXN0bWVudCUyNTIwQWxhbnlhJTIxNWUwJTIxM20yJTIxMXN0ciUyMTJzdHIlMjE0djE3NzMzOTQ5NDc0OTklMjE1bTIlMjExc3RyJTIxMnN0ciUyMiUyMHdpZHRoJTNEJTIyNjAwJTIyJTIwaGVpZ2h0JTNEJTIyMzUwJTIyJTIwc3R5bGUlM0QlMjJib3JkZXIlM0EwJTNCJTIyJTIwYWxsb3dmdWxsc2NyZWVuJTNEJTIyJTIyJTIwbG9hZGluZyUzRCUyMmxhenklMjIlMjByZWZlcnJlcnBvbGljeSUzRCUyMm5vLXJlZmVycmVyLXdoZW4tZG93bmdyYWRlJTIyJTNFJTNDJTJGaWZyYW1lJTNF&#8221; css_animation=&#8221;fadeIn&#8221;]<div class=\"hero cast-title\">Bizimle ileti\u015fime ge\u00e7in.<\/div><div class=\"desc subhead\">North Pier olarak hayalinizdeki m\u00fclk\u00fc bulman\u0131za yard\u0131mc\u0131 olal\u0131m.<\/div>[vc_empty_space height=&#8221;50px&#8221;][vc_row_inner][vc_column_inner width=&#8221;2\/3&#8243;]\n<div class=\"wpcf7 no-js\" id=\"wpcf7-f1299-o1\" lang=\"en-US\" dir=\"ltr\" data-wpcf7-id=\"1299\">\n<div class=\"screen-reader-response\"><p role=\"status\" aria-live=\"polite\" aria-atomic=\"true\"><\/p> <ul><\/ul><\/div>\n<form action=\"\/tr\/wp-json\/wp\/v2\/pages\/246#wpcf7-f1299-o1\" method=\"post\" class=\"wpcf7-form init\" aria-label=\"Contact form\" novalidate=\"novalidate\" data-status=\"init\">\n<fieldset class=\"hidden-fields-container\"><input type=\"hidden\" name=\"_wpcf7\" value=\"1299\" \/><input type=\"hidden\" name=\"_wpcf7_version\" value=\"6.1.5\" \/><input type=\"hidden\" name=\"_wpcf7_locale\" value=\"en_US\" \/><input type=\"hidden\" name=\"_wpcf7_unit_tag\" value=\"wpcf7-f1299-o1\" \/><input type=\"hidden\" name=\"_wpcf7_container_post\" value=\"0\" \/><input type=\"hidden\" name=\"_wpcf7_posted_data_hash\" value=\"\" \/><input type=\"hidden\" name=\"_wpcf7_locale_orj\" value=\"tr_TR\" \/>\n<\/fieldset>\n<div class=\"wpcf7-turnstile cf-turnstile\" data-sitekey=\"0x4AAAAAACx89XvKh7c-4vxs\" data-response-field-name=\"_wpcf7_turnstile_response\"><\/div>\n\n<div class=\"nth-cf7\">\n\t<div class=\"row\">\n\t\t<div class=\"col-sm-4\">\n\t\t\t<p><span class=\"wpcf7-form-control-wrap\" data-name=\"your-name\"><input size=\"40\" maxlength=\"400\" class=\"wpcf7-form-control wpcf7-text wpcf7-validates-as-required name\" aria-required=\"true\" aria-invalid=\"false\" placeholder=\"Name*\" value=\"\" type=\"text\" name=\"your-name\" \/><\/span>\n\t\t\t<\/p>\n\t\t<\/div>\n\t\t<div class=\"col-sm-4\">\n\t\t\t<p><span class=\"wpcf7-form-control-wrap\" data-name=\"your-email\"><input size=\"40\" maxlength=\"400\" class=\"wpcf7-form-control wpcf7-email wpcf7-validates-as-required wpcf7-text wpcf7-validates-as-email email\" aria-required=\"true\" aria-invalid=\"false\" placeholder=\"E-Mail*\" value=\"\" type=\"email\" name=\"your-email\" \/><\/span>\n\t\t\t<\/p>\n\t\t<\/div>\n\t\t<div class=\"col-sm-4\">\n\t\t\t<p><span class=\"wpcf7-form-control-wrap\" data-name=\"your-phone\"><input size=\"40\" class=\"wpcf7-form-control wpcf7-phonetext wpcf7-validates-as-required wpcf7-text wpcf7-validates-as-phonetext phone\" aria-required=\"true\" aria-invalid=\"false\" value=\"+90\" type=\"text\" name=\"your-phone\" \/><input type=\"hidden\" name=\"your-phone-country-code\" class=\"wpcf7-phonetext-country-code\" \/><\/span>\n\t\t\t<\/p>\n\t\t<\/div>\n\t\t<div class=\"col-sm-12\">\n\t\t\t<p><span class=\"wpcf7-form-control-wrap\" data-name=\"your-subject\"><input size=\"40\" maxlength=\"400\" class=\"wpcf7-form-control wpcf7-text wpcf7-validates-as-required name\" aria-required=\"true\" aria-invalid=\"false\" placeholder=\"Subject*\" value=\"\" type=\"text\" name=\"your-subject\" \/><\/span>\n\t\t\t<\/p>\n\t\t<\/div>\n\t\t<div class=\"col-sm-12\">\n\t\t\t<p><span class=\"wpcf7-form-control-wrap\" data-name=\"your-message\"><textarea cols=\"40\" rows=\"3\" maxlength=\"2000\" class=\"wpcf7-form-control wpcf7-textarea no-resize\" aria-invalid=\"false\" placeholder=\"Your Message\" name=\"your-message\"><\/textarea><\/span>\n\t\t\t<\/p>\n\t\t<\/div>\n\t<\/div>\n<\/div>\n<div class=\"form-bottom\">\n\t<p><span class=\"togglecheckbox\"><span class=\"wpcf7-form-control-wrap\" data-name=\"terms\"><span class=\"wpcf7-form-control wpcf7-checkbox wpcf7-validates-as-required\"><span class=\"wpcf7-list-item first last\"><input type=\"checkbox\" name=\"terms[]\" value=\"I have read and accept\" \/><span class=\"wpcf7-list-item-label\">I have read and accept<\/span><\/span><\/span><\/span> I have read and accept<\/span><a target=\"_blank\" href=\"\/privacy-policy\/\"> Terms of Use.<\/a>\n\t<\/p>\n<\/div>\n<p><input class=\"wpcf7-form-control wpcf7-submit has-spinner btn btn-outline-success\" type=\"submit\" value=\"Send\" \/>\n<\/p><div class=\"wpcf7-response-output\" aria-hidden=\"true\"><\/div>\n<\/form>\n<\/div>\n[\/vc_column_inner][vc_column_inner width=&#8221;1\/3&#8243;]<ul class=\"fa-ul contact_list\"><li><img loading=\"lazy\" decoding=\"async\" width=\"512\" height=\"512\" src=\"https:\/\/northpierinvest.com\/wp-content\/uploads\/2026\/03\/live-chat.png\" class=\"attachment-full size-full\" alt=\"\" srcset=\"https:\/\/northpierinvest.com\/wp-content\/uploads\/2026\/03\/live-chat.png 512w, https:\/\/northpierinvest.com\/wp-content\/uploads\/2026\/03\/live-chat-300x300.png 300w, https:\/\/northpierinvest.com\/wp-content\/uploads\/2026\/03\/live-chat-150x150.png 150w\" sizes=\"auto, (max-width: 512px) 100vw, 512px\" \/><b>Sat\u0131\u015f Depertman\u0131<\/b><a href=\"tel:+90 532 433 47 37\" rel=\"\" target=\"\">+90 532 433 47 37<\/a><\/li><li><img loading=\"lazy\" decoding=\"async\" width=\"512\" height=\"512\" src=\"https:\/\/northpierinvest.com\/wp-content\/uploads\/2026\/03\/mail.png\" class=\"attachment-full size-full\" alt=\"\" srcset=\"https:\/\/northpierinvest.com\/wp-content\/uploads\/2026\/03\/mail.png 512w, https:\/\/northpierinvest.com\/wp-content\/uploads\/2026\/03\/mail-300x300.png 300w, https:\/\/northpierinvest.com\/wp-content\/uploads\/2026\/03\/mail-150x150.png 150w\" sizes=\"auto, (max-width: 512px) 100vw, 512px\" \/><b>E-Posta<\/b><a href=\"mailto:info@northpierinvest.com\" rel=\"\" target=\"\">info@northpierinvest.com<\/a><\/li><li><img loading=\"lazy\" decoding=\"async\" width=\"512\" height=\"512\" src=\"https:\/\/northpierinvest.com\/wp-content\/uploads\/2026\/03\/search.png\" class=\"attachment-full size-full\" alt=\"\" srcset=\"https:\/\/northpierinvest.com\/wp-content\/uploads\/2026\/03\/search.png 512w, https:\/\/northpierinvest.com\/wp-content\/uploads\/2026\/03\/search-300x300.png 300w, https:\/\/northpierinvest.com\/wp-content\/uploads\/2026\/03\/search-150x150.png 150w\" sizes=\"auto, (max-width: 512px) 100vw, 512px\" \/><b>Adres<\/b><a href=\"https:\/\/maps.app.goo.gl\/Jayt7X5H1JMi9xnz9\" rel=\"nofollow\" target=\"_blank\">Saray, \u00c7angal Sk :12\/A, 07400 Alanya\/Antalya<\/a><\/li><li><img loading=\"lazy\" decoding=\"async\" width=\"512\" height=\"512\" src=\"https:\/\/northpierinvest.com\/wp-content\/uploads\/2026\/03\/clock.png\" class=\"attachment-full size-full\" alt=\"\" srcset=\"https:\/\/northpierinvest.com\/wp-content\/uploads\/2026\/03\/clock.png 512w, https:\/\/northpierinvest.com\/wp-content\/uploads\/2026\/03\/clock-300x300.png 300w, https:\/\/northpierinvest.com\/wp-content\/uploads\/2026\/03\/clock-150x150.png 150w\" sizes=\"auto, (max-width: 512px) 100vw, 512px\" \/><b>\u00c7al\u0131\u015fma Saatleri<\/b><a href=\"#\" rel=\"nofollow\" target=\"_blank\">Pazartesi - Cumartesi 09:00-18:00<\/a><\/li><\/ul>         <style>\n         .container.page-container {\n             font-size: 14px;\n         }\n\n         .wpb_text_column.wpb_content_element {\n             margin-bottom: 10px;\n         }\n         .contact_list  {\n             margin:0px;\n             margin-bottom: 15px;\n         }\n         .contact_list li {\n            width: 48%;\n            margin: 1%;\n            padding: 13px;\n            display: inline-block;\n            color: #efefef;\n            background: #25283b;\n            border-radius: 8px;\n            border: 1px #25283b solid;\n         }\n\n         .contact_list li img {\n            width: 50px;\n            height: 50px;\n            margin: 0px auto;\n            display: block;\n         }\n         .contact_list li b {\n            display: block;\n            text-align: center;\n            font-weight: 500;\n            margin: 10px 0px;\n         }\n         .contact_list li a {\n            color: #ffdf01;\n            text-align: center;\n            font-size: 12px;\n            display: block;\n          }\n          .page-breadcrumb {\n              margin-bottom: 10px;\n          }\n\n         <\/style>\n        <div class=\"social-media sc-social mt-4\"><ul class=\"dark\"><li class=\"instagram\"><a href=\"https:\/\/www.instagram.com\/northpierinvestment\" target=\"_blank\" title=\"Instagram\" data-toggle=\"tooltip\"><i class=\"fab fa-instagram\"><\/i><\/a><\/li><li class=\"tiktok\"><a href=\"https:\/\/www.tiktok.com\/@northpierinvestment\" target=\"_blank\" title=\"Tiktok\" data-toggle=\"tooltip\"><i class=\"fab fa-tiktok\"><\/i><\/a><\/li><\/ul><\/div>[\/vc_column_inner][\/vc_row_inner][\/vc_column][\/vc_row]<\/p>\n<p><\/p>","protected":false},"excerpt":{"rendered":"<p>[vc_row][vc_column][vc_gmaps link=&#8221;#E-8_JTNDaWZyYW1lJTIwc3JjJTNEJTIyaHR0cHMlM0ElMkYlMkZ3d3cuZ29vZ2xlLmNvbSUyRm1hcHMlMkZlbWJlZCUzRnBiJTNEJTIxMW0xOCUyMTFtMTIlMjExbTMlMjExZDQwMC42NjQ0MDk0Mjk5NzkzJTIxMmQzMS45OTMyMjczMjEyOTIyOCUyMTNkMzYuNTQ2NTEwNDMwNjQxNzk2JTIxMm0zJTIxMWYwJTIxMmYwJTIxM2YwJTIxM20yJTIxMWkxMDI0JTIxMmk3NjglMjE0ZjEzLjElMjEzbTMlMjExbTIlMjExczB4MTRkYzk5MDA0YzllYjIyNSUyNTNBMHhmMGRiMzUyNWQ2NDNjOGQ3JTIxMnNOb3J0aCUyNTIwUGllciUyNTIwSW52ZXN0bWVudCUyNTIwQWxhbnlhJTIxNWUwJTIxM20yJTIxMXN0ciUyMTJzdHIlMjE0djE3NzMzOTQ5NDc0OTklMjE1bTIlMjExc3RyJTIxMnN0ciUyMiUyMHdpZHRoJTNEJTIyNjAwJTIyJTIwaGVpZ2h0JTNEJTIyMzUwJTIyJTIwc3R5bGUlM0QlMjJib3JkZXIlM0EwJTNCJTIyJTIwYWxsb3dmdWxsc2NyZWVuJTNEJTIyJTIyJTIwbG9hZGluZyUzRCUyMmxhenklMjIlMjByZWZlcnJlcnBvbGljeSUzRCUyMm5vLXJlZmVycmVyLXdoZW4tZG93bmdyYWRlJTIyJTNFJTNDJTJGaWZyYW1lJTNF&#8221; css_animation=&#8221;fadeIn&#8221;][vc_empty_space height=&#8221;50px&#8221;][vc_row_inner][vc_column_inner width=&#8221;2\/3&#8243;][\/vc_column_inner][vc_column_inner width=&#8221;1\/3&#8243;][\/vc_column_inner][\/vc_row_inner][\/vc_column][\/vc_row]<\/p>\n","protected":false},"author":5,"featured_media":0,"parent":0,"menu_order":0,"comment_status":"closed","ping_status":"closed","template":"","meta":{"inline_featured_image":false,"footnotes":""},"class_list":["post-246","page","type-page","status-publish","hentry"],"_links":{"self":[{"href":"https:\/\/northpierinvest.com\/tr\/wp-json\/wp\/v2\/pages\/246","targetHints":{"allow":["GET"]}}],"collection":[{"href":"https:\/\/northpierinvest.com\/tr\/wp-json\/wp\/v2\/pages"}],"about":[{"href":"https:\/\/northpierinvest.com\/tr\/wp-json\/wp\/v2\/types\/page"}],"author":[{"embeddable":true,"href":"https:\/\/northpierinvest.com\/tr\/wp-json\/wp\/v2\/users\/5"}],"replies":[{"embeddable":true,"href":"https:\/\/northpierinvest.com\/tr\/wp-json\/wp\/v2\/comments?post=246"}],"version-history":[{"count":3,"href":"https:\/\/northpierinvest.com\/tr\/wp-json\/wp\/v2\/pages\/246\/revisions"}],"predecessor-version":[{"id":50283,"href":"https:\/\/northpierinvest.com\/tr\/wp-json\/wp\/v2\/pages\/246\/revisions\/50283"}],"wp:attachment":[{"href":"https:\/\/northpierinvest.com\/tr\/wp-json\/wp\/v2\/media?parent=246"}],"curies":[{"name":"wp","href":"https:\/\/api.w.org\/{rel}","templated":true}]}}