{"id":1311,"date":"2021-04-27T07:28:07","date_gmt":"2021-04-27T07:28:07","guid":{"rendered":"https:\/\/northpierinvest.com\/?page_id=1311"},"modified":"2026-03-14T14:51:26","modified_gmt":"2026-03-14T11:51:26","slug":"about-us","status":"publish","type":"page","link":"https:\/\/northpierinvest.com\/tr\/about-us\/","title":{"rendered":"Hakk\u0131m\u0131zda"},"content":{"rendered":"<p>[vc_row css=&#8221;.vc_custom_1619509319604{margin-top: 30px !important;margin-bottom: 30px !important;}&#8221;][vc_column]<div class=\"hero cast-title title-smaller\">NORTH PIER GAYR\u0130MENKUL &amp; YATIRIM HAKKINDA<\/div>[vc_column_text]North Pier Investment, 2014 y\u0131l\u0131nda gayrimenkul ve yat\u0131r\u0131m alan\u0131nda g\u00fcvenilir, \u015feffaf ve s\u00fcrd\u00fcr\u00fclebilir \u00e7\u00f6z\u00fcmler sunmak amac\u0131yla kurulmu\u015ftur. Kurulu\u015fumuzdan bu yana yat\u0131r\u0131mc\u0131lar\u0131m\u0131z\u0131n ihtiya\u00e7lar\u0131n\u0131 do\u011fru analiz ederek, onlara en do\u011fru yat\u0131r\u0131m f\u0131rsatlar\u0131n\u0131 sunmay\u0131 hedefliyoruz.[\/vc_column_text][vc_column_text]Merkez faaliyet b\u00f6lgemiz Alanya olmakla birlikte; Antalya, Mersin, \u0130zmir, \u0130stanbul, Ankara, \u00c7e\u015fme, Marmaris, Bodrum gibi T\u00fcrkiye\u2019nin ve b\u00f6lgenin \u00f6nemli yat\u0131r\u0131m noktalar\u0131nda hizmet vermekteyiz. Geni\u015f portf\u00f6y\u00fcm\u00fcz ve b\u00f6lgesel uzmanl\u0131\u011f\u0131m\u0131z sayesinde yat\u0131r\u0131mc\u0131lar\u0131m\u0131za farkl\u0131 lokasyonlarda g\u00fc\u00e7l\u00fc ve kazan\u00e7l\u0131 f\u0131rsatlar sunuyoruz.[\/vc_column_text][\/vc_column][\/vc_row][vc_row][vc_column width=&#8221;1\/2&#8243;][vc_column_text]<\/p>\n<div class=\"group w-full text-gray-800 dark:text-gray-100 border-b border-black\/10 dark:border-gray-900\/50 bg-gray-50 dark:bg-[#444654]\">\n<div class=\"flex p-4 gap-4 text-base md:gap-6 md:max-w-2xl lg:max-w-[38rem] xl:max-w-3xl md:py-6 lg:px-0 m-auto\">\n<div class=\"relative flex w-[calc(100%-50px)] flex-col gap-1 md:gap-3 lg:w-[calc(100%-115px)]\">\n<div class=\"flex flex-grow flex-col gap-3\">\n<div class=\"min-h-[20px] flex flex-col items-start gap-4 whitespace-pre-wrap break-words\">\n<div class=\"markdown prose w-full break-words dark:prose-invert light\">\n<blockquote class=\"blockquote\">\n<footer class=\"blockquote-title\">\n<h3 class=\"black\"><strong>M\u0130SYONUMUZ<\/strong><\/h3>\n<\/footer>\n<\/blockquote>\n<p>North Pier Investment olarak ba\u015fta konut yat\u0131r\u0131m\u0131, arsa yat\u0131r\u0131m\u0131, villa yat\u0131r\u0131m\u0131 ve vatanda\u015fl\u0131k hizmetleri olmak \u00fczere gayrimenkul yat\u0131r\u0131m\u0131n\u0131n bir\u00e7ok alan\u0131nda profesyonel dan\u0131\u015fmanl\u0131k sa\u011fl\u0131yoruz. Amac\u0131m\u0131z yaln\u0131zca bir gayrimenkul sat\u0131\u015f\u0131 ger\u00e7ekle\u015ftirmek de\u011fil, yat\u0131r\u0131mc\u0131lar\u0131m\u0131z i\u00e7in uzun vadeli ve g\u00fcvenilir bir yat\u0131r\u0131m yolculu\u011fu olu\u015fturmakt\u0131r.<\/p>\n<p>North Pier Investment olarak g\u00fcven, \u015feffafl\u0131k ve profesyonellik ilkeleriyle \u00e7al\u0131\u015f\u0131yor; yat\u0131r\u0131mc\u0131lar\u0131m\u0131z\u0131n gelece\u011fini sa\u011flam temeller \u00fczerine kurmalar\u0131na yard\u0131mc\u0131 oluyoruz.<\/p>\n<blockquote class=\"blockquote\">\n<footer class=\"blockquote-title\">\n<h3 class=\"black\"><strong>V\u0130ZYONUMUZ<\/strong><\/h3>\n<\/footer>\n<\/blockquote>\n<p>Vizyonumuz, yat\u0131r\u0131m yapmak isteyen herkes i\u00e7in g\u00fcvenilir bir yol \u00e7izmek ve do\u011fru yat\u0131r\u0131mlarla s\u00fcrd\u00fcr\u00fclebilir de\u011fer olu\u015fturulmas\u0131na katk\u0131 sa\u011flamakt\u0131r. Deneyimli ekibimiz, piyasa bilgisi ve m\u00fc\u015fteri odakl\u0131 yakla\u015f\u0131m\u0131m\u0131z sayesinde yat\u0131r\u0131mc\u0131lar\u0131m\u0131za her a\u015famada rehberlik ediyoruz.<\/p>\n<footer class=\"blockquote-footer\"><\/footer>\n<\/div>\n<\/div>\n<\/div>\n<\/div>\n<\/div>\n<\/div>\n<p>[\/vc_column_text][\/vc_column][vc_column width=&#8221;1\/2&#8243;][vc_single_image image=&#8221;50183&#8243; img_size=&#8221;full&#8221;][\/vc_column][\/vc_row][vc_row full_width=&#8221;stretch_row&#8221; css=&#8221;.vc_custom_1773477977380{padding-bottom: 40px !important;}&#8221;][vc_column]<div class=\"hero cast-title title-smaller\">Ekibimiz<\/div>        <style>\n        .the-agent-thumbnail img {\n                object-fit: cover;\n               background: #fff;\n               height: auto;\n        }\n        .agent-social-link,\n        .agent-languages ul { margin: 0px; }\n        .agent-languages ul li {\n            display: inline-block;\n                margin: 0px 4px;\n        }\n\n        .the-agent-thumbnail img {\n            border-bottom: 4px solid #25283b;\n        }\n\n        .the-agent-thumbnail:after {\n            content: none;\n        }\n        .the-agent-content {\n            padding: 15px 0px;\n                text-align: center;\n        }\n        .agent-contact i {\n            margin-right: 5px;\n        }\n        .agent-contact {\n            margin-top: 15px;\n        }\n\n        .the-agent-content h4 {\n            color: #25283b;\n            margin: 0px;\n        }\n        .agents-list.agent-dark .the-agent-inner {\n            border-radius: 7px;\n            overflow: hidden;\n        }\n        .agent-contact div {\n            display: inline-block;\n            border: 1px #ccc solid;\n            border-radius: 3px;\n            text-align: center;\n            width: 35px;\n            height: 35px;\n            margin-right: 5px;\n            background: #efefec;\n        }\n        .agent-contact div a {display: block;}\n        .agent-contact div a i {\n            margin: 0px;\n            line-height: 34px;\n            color: #25283b;\n        }\n\n        <\/style>\n        <div class=\"row agents-list agent-dark\">\n                        <div class=\"the-agent col-md-3\">\n                <div class=\"the-agent-inner\">\n                    <div class=\"the-agent-thumbnail\">\n                                                   <img decoding=\"async\" src=\"https:\/\/northpierinvest.com\/wp-content\/uploads\/2026\/04\/Gemini_Generated_Image_i91p4ii91p4ii91p.png\" class=\"img-fluid\" alt=\"MUSTAFA \u015eENOL\">\n                    <\/div>\n\n                    <div class=\"the-agent-content\">\n                        <h4>MUSTAFA \u015eENOL<\/h4>\n\n                                                    <div class=\"agent-languages\">\n                                                            <ul>\n                                <li><img decoding=\"async\" src=\"\/wp-content\/plugins\/qtranslate-xt\/flags\/en.png\" \/><\/li><li><img decoding=\"async\" src=\"\/wp-content\/plugins\/qtranslate-xt\/flags\/de.png\" \/><\/li><li><img decoding=\"async\" src=\"\/wp-content\/plugins\/qtranslate-xt\/flags\/tr.png\" \/><\/li>                            <\/ul>\n                                                        <\/div>\n                        \n                                                    <div class=\"agent-additional-fields\">\n                                <div class=\"agent-position\">CEO \/ KURUCU<\/div>\n                            <\/div>\n                        \n                        \n                        <div class=\"agent-contact\">\n                                                        <div><a href=\"mailto:mustafa@northpierinvest.com\"><i class=\"fas fa-envelope\"><\/i><\/a><\/div>\n                                                        <div><a href=\"tel:+905324334737\"><i class=\"fas fa-phone\"><\/i><\/a><\/div>\n                                                        <div><a href=\"https:\/\/wa.me\/+905324334737\"><i class=\"fab fa-whatsapp\"><\/i><\/a><\/div>\n                            \n                             \n                                                    <\/div>\n\n\n                    <\/div>\n                <\/div>\n            <\/div>\n                        <div class=\"the-agent col-md-3\">\n                <div class=\"the-agent-inner\">\n                    <div class=\"the-agent-thumbnail\">\n                                                   <img decoding=\"async\" src=\"https:\/\/northpierinvest.com\/wp-content\/uploads\/2026\/04\/Gemini_Generated_Image_lcaqqlcaqqlcaqql-e1775632838445.png\" class=\"img-fluid\" alt=\"Alihan \u015eENOL\">\n                    <\/div>\n\n                    <div class=\"the-agent-content\">\n                        <h4>Alihan \u015eENOL<\/h4>\n\n                                                    <div class=\"agent-languages\">\n                                                            <ul>\n                                <li><img decoding=\"async\" src=\"\/wp-content\/plugins\/qtranslate-xt\/flags\/en.png\" \/><\/li><li><img decoding=\"async\" src=\"\/wp-content\/plugins\/qtranslate-xt\/flags\/tr.png\" \/><\/li>                            <\/ul>\n                                                        <\/div>\n                        \n                                                    <div class=\"agent-additional-fields\">\n                                <div class=\"agent-position\">IT Manager<\/div>\n                            <\/div>\n                        \n                        \n                        <div class=\"agent-contact\">\n                                                        <div><a href=\"#\"><i class=\"fas fa-envelope\"><\/i><\/a><\/div>\n                                                        <div><a href=\"tel:+05372543294\"><i class=\"fas fa-phone\"><\/i><\/a><\/div>\n                                                        <div><a href=\"https:\/\/wa.me\/+05372543294\"><i class=\"fab fa-whatsapp\"><\/i><\/a><\/div>\n                            \n                             \n                                                    <\/div>\n\n\n                    <\/div>\n                <\/div>\n            <\/div>\n                        <div class=\"the-agent col-md-3\">\n                <div class=\"the-agent-inner\">\n                    <div class=\"the-agent-thumbnail\">\n                                                   <img decoding=\"async\" src=\"https:\/\/northpierinvest.com\/wp-content\/uploads\/2026\/04\/IMG_5946-2-e1775631825781.png\" class=\"img-fluid\" alt=\"G\u00f6ktu\u011f \u015eENOL\">\n                    <\/div>\n\n                    <div class=\"the-agent-content\">\n                        <h4>G\u00f6ktu\u011f \u015eENOL<\/h4>\n\n                                                    <div class=\"agent-languages\">\n                                                            <ul>\n                                <li><img decoding=\"async\" src=\"\/wp-content\/plugins\/qtranslate-xt\/flags\/en.png\" \/><\/li><li><img decoding=\"async\" src=\"\/wp-content\/plugins\/qtranslate-xt\/flags\/tr.png\" \/><\/li>                            <\/ul>\n                                                        <\/div>\n                        \n                                                    <div class=\"agent-additional-fields\">\n                                <div class=\"agent-position\">Financial Director<\/div>\n                            <\/div>\n                        \n                        \n                        <div class=\"agent-contact\">\n                                                        <div><a href=\"#\"><i class=\"fas fa-envelope\"><\/i><\/a><\/div>\n                                                        <div><a href=\"tel:+905392391488\"><i class=\"fas fa-phone\"><\/i><\/a><\/div>\n                                                        <div><a href=\"https:\/\/wa.me\/+905392391488\"><i class=\"fab fa-whatsapp\"><\/i><\/a><\/div>\n                            \n                             \n                                                    <\/div>\n\n\n                    <\/div>\n                <\/div>\n            <\/div>\n                        <div class=\"the-agent col-md-3\">\n                <div class=\"the-agent-inner\">\n                    <div class=\"the-agent-thumbnail\">\n                                                   <img decoding=\"async\" src=\"https:\/\/northpierinvest.com\/wp-content\/uploads\/2026\/04\/Gemini_Generated_Image_41nmxo41nmxo41nm.png\" class=\"img-fluid\" alt=\"Natalia YILDIZ\">\n                    <\/div>\n\n                    <div class=\"the-agent-content\">\n                        <h4>Natalia YILDIZ<\/h4>\n\n                                                    <div class=\"agent-languages\">\n                                                            <ul>\n                                <li><img decoding=\"async\" src=\"\/wp-content\/plugins\/qtranslate-xt\/flags\/en.png\" \/><\/li><li><img decoding=\"async\" src=\"\/wp-content\/plugins\/qtranslate-xt\/flags\/ru.png\" \/><\/li><li><img decoding=\"async\" src=\"\/wp-content\/plugins\/qtranslate-xt\/flags\/tr.png\" \/><\/li>                            <\/ul>\n                                                        <\/div>\n                        \n                                                    <div class=\"agent-additional-fields\">\n                                <div class=\"agent-position\">Sat\u0131\u015f Dan\u0131\u015fman\u0131<\/div>\n                            <\/div>\n                        \n                        \n                        <div class=\"agent-contact\">\n                                                        <div><a href=\"#\"><i class=\"fas fa-envelope\"><\/i><\/a><\/div>\n                                                        <div><a href=\"tel:+05377889479\"><i class=\"fas fa-phone\"><\/i><\/a><\/div>\n                                                        <div><a href=\"https:\/\/wa.me\/+05377889479\"><i class=\"fab fa-whatsapp\"><\/i><\/a><\/div>\n                            \n                             \n                                                    <\/div>\n\n\n                    <\/div>\n                <\/div>\n            <\/div>\n                        <div class=\"the-agent col-md-3\">\n                <div class=\"the-agent-inner\">\n                    <div class=\"the-agent-thumbnail\">\n                                                   <img decoding=\"async\" src=\"https:\/\/northpierinvest.com\/wp-content\/themes\/nth-child\/1.jpg\" class=\"img-fluid\" alt=\"Yulia Barsan\">\n                    <\/div>\n\n                    <div class=\"the-agent-content\">\n                        <h4>Yulia Barsan<\/h4>\n\n                                                    <div class=\"agent-languages\">\n                                                            <ul>\n                                <li><img decoding=\"async\" src=\"\/wp-content\/plugins\/qtranslate-xt\/flags\/en.png\" \/><\/li><li><img decoding=\"async\" src=\"\/wp-content\/plugins\/qtranslate-xt\/flags\/ru.png\" \/><\/li><li><img decoding=\"async\" src=\"\/wp-content\/plugins\/qtranslate-xt\/flags\/tr.png\" \/><\/li>                            <\/ul>\n                                                        <\/div>\n                        \n                                                    <div class=\"agent-additional-fields\">\n                                <div class=\"agent-position\">CEO \/ KURUCU<\/div>\n                            <\/div>\n                        \n                        \n                        <div class=\"agent-contact\">\n                                                        <div><a href=\"#\"><i class=\"fas fa-envelope\"><\/i><\/a><\/div>\n                                                        <div><a href=\"tel:+05359262483\"><i class=\"fas fa-phone\"><\/i><\/a><\/div>\n                                                        <div><a href=\"https:\/\/wa.me\/+05359262483\"><i class=\"fab fa-whatsapp\"><\/i><\/a><\/div>\n                            \n                             \n                                                    <\/div>\n\n\n                    <\/div>\n                <\/div>\n            <\/div>\n                    <\/div>\n        [\/vc_column][\/vc_row][vc_row][vc_column el_class=&#8221;listing-form-area&#8221;]<div class=\"hero text-left\">Ki\u015fisel sunum i\u00e7in bizimle ileti\u015fime ge\u00e7in!<\/div>[vc_empty_space]\n<div class=\"wpcf7 no-js\" id=\"wpcf7-f1171-o1\" lang=\"en-US\" dir=\"ltr\" data-wpcf7-id=\"1171\">\n<div class=\"screen-reader-response\"><p role=\"status\" aria-live=\"polite\" aria-atomic=\"true\"><\/p> <ul><\/ul><\/div>\n<form action=\"\/tr\/wp-json\/wp\/v2\/pages\/1311#wpcf7-f1171-o1\" method=\"post\" class=\"wpcf7-form init\" aria-label=\"Contact form\" novalidate=\"novalidate\" data-status=\"init\">\n<fieldset class=\"hidden-fields-container\"><input type=\"hidden\" name=\"_wpcf7\" value=\"1171\" \/><input type=\"hidden\" name=\"_wpcf7_version\" value=\"6.1.5\" \/><input type=\"hidden\" name=\"_wpcf7_locale\" value=\"en_US\" \/><input type=\"hidden\" name=\"_wpcf7_unit_tag\" value=\"wpcf7-f1171-o1\" \/><input type=\"hidden\" name=\"_wpcf7_container_post\" value=\"0\" \/><input type=\"hidden\" name=\"_wpcf7_posted_data_hash\" value=\"\" \/><input type=\"hidden\" name=\"_wpcf7_locale_orj\" value=\"tr_TR\" \/>\n<\/fieldset>\n<div class=\"wpcf7-turnstile cf-turnstile\" data-sitekey=\"0x4AAAAAACx89XvKh7c-4vxs\" data-response-field-name=\"_wpcf7_turnstile_response\"><\/div>\n\n<div class=\"fields fields-3\">\n\t<p><span class=\"wpcf7-form-control-wrap\" data-name=\"your-name\"><input size=\"40\" maxlength=\"400\" class=\"wpcf7-form-control wpcf7-text wpcf7-validates-as-required name\" aria-required=\"true\" aria-invalid=\"false\" placeholder=\"Name*\" value=\"\" type=\"text\" name=\"your-name\" \/><\/span><br \/>\n<span class=\"wpcf7-form-control-wrap\" data-name=\"your-email\"><input size=\"40\" maxlength=\"400\" class=\"wpcf7-form-control wpcf7-email wpcf7-validates-as-required wpcf7-text wpcf7-validates-as-email email\" aria-required=\"true\" aria-invalid=\"false\" placeholder=\"E-Mail*\" value=\"\" type=\"email\" name=\"your-email\" \/><\/span><br \/>\n<span class=\"wpcf7-form-control-wrap\" data-name=\"your-phone\"><input size=\"40\" class=\"wpcf7-form-control wpcf7-phonetext wpcf7-validates-as-required wpcf7-text wpcf7-validates-as-phonetext phone\" aria-required=\"true\" aria-invalid=\"false\" value=\"+90\" type=\"text\" name=\"your-phone\" \/><input type=\"hidden\" name=\"your-phone-country-code\" class=\"wpcf7-phonetext-country-code\" \/><\/span>\n\t<\/p>\n<\/div>\n<div class=\"fields fields-odd\">\n\t<p><span class=\"wpcf7-form-control-wrap\" data-name=\"your-question\"><input size=\"40\" maxlength=\"400\" class=\"wpcf7-form-control wpcf7-text wpcf7-validates-as-required question\" aria-required=\"true\" aria-invalid=\"false\" placeholder=\"Any Question?\" value=\"\" type=\"text\" name=\"your-question\" \/><\/span><br \/>\n<input class=\"wpcf7-form-control wpcf7-submit has-spinner\" type=\"submit\" value=\"Send\" \/>\n\t<\/p>\n<\/div><div class=\"wpcf7-response-output\" aria-hidden=\"true\"><\/div>\n<\/form>\n<\/div>\n[vc_empty_space][\/vc_column][\/vc_row]<\/p>","protected":false},"excerpt":{"rendered":"<p>[vc_row css=&#8221;.vc_custom_1619509319604{margin-top: 30px !important;margin-bottom: 30px !important;}&#8221;][vc_column][vc_column_text]North Pier Investment, 2014 y\u0131l\u0131nda gayrimenkul ve yat\u0131r\u0131m alan\u0131nda g\u00fcvenilir, \u015feffaf ve s\u00fcrd\u00fcr\u00fclebilir \u00e7\u00f6z\u00fcmler sunmak amac\u0131yla kurulmu\u015ftur. Kurulu\u015fumuzdan bu yana yat\u0131r\u0131mc\u0131lar\u0131m\u0131z\u0131n ihtiya\u00e7lar\u0131n\u0131 do\u011fru analiz ederek, onlara en do\u011fru yat\u0131r\u0131m f\u0131rsatlar\u0131n\u0131 sunmay\u0131 hedefliyoruz.[\/vc_column_text][vc_column_text]Merkez faaliyet b\u00f6lgemiz Alanya olmakla birlikte; Antalya, Mersin, \u0130zmir, \u0130stanbul, Ankara, \u00c7e\u015fme, Marmaris, Bodrum gibi T\u00fcrkiye\u2019nin ve b\u00f6lgenin \u00f6nemli [&hellip;]<\/p>\n","protected":false},"author":5,"featured_media":0,"parent":0,"menu_order":0,"comment_status":"closed","ping_status":"closed","template":"","meta":{"inline_featured_image":false,"footnotes":""},"class_list":["post-1311","page","type-page","status-publish","hentry"],"_links":{"self":[{"href":"https:\/\/northpierinvest.com\/tr\/wp-json\/wp\/v2\/pages\/1311","targetHints":{"allow":["GET"]}}],"collection":[{"href":"https:\/\/northpierinvest.com\/tr\/wp-json\/wp\/v2\/pages"}],"about":[{"href":"https:\/\/northpierinvest.com\/tr\/wp-json\/wp\/v2\/types\/page"}],"author":[{"embeddable":true,"href":"https:\/\/northpierinvest.com\/tr\/wp-json\/wp\/v2\/users\/5"}],"replies":[{"embeddable":true,"href":"https:\/\/northpierinvest.com\/tr\/wp-json\/wp\/v2\/comments?post=1311"}],"version-history":[{"count":3,"href":"https:\/\/northpierinvest.com\/tr\/wp-json\/wp\/v2\/pages\/1311\/revisions"}],"predecessor-version":[{"id":50251,"href":"https:\/\/northpierinvest.com\/tr\/wp-json\/wp\/v2\/pages\/1311\/revisions\/50251"}],"wp:attachment":[{"href":"https:\/\/northpierinvest.com\/tr\/wp-json\/wp\/v2\/media?parent=1311"}],"curies":[{"name":"wp","href":"https:\/\/api.w.org\/{rel}","templated":true}]}}