{"id":50192,"date":"2026-03-14T12:55:46","date_gmt":"2026-03-14T09:55:46","guid":{"rendered":"https:\/\/northpierinvest.com\/?page_id=50192"},"modified":"2026-03-15T14:06:53","modified_gmt":"2026-03-15T11:06:53","slug":"faq","status":"publish","type":"page","link":"https:\/\/northpierinvest.com\/pl\/faq\/","title":{"rendered":"Cz\u0119sto zadawane pytania"},"content":{"rendered":"<p>[vc_row css=&#8221;.vc_custom_1619509319604{margin-top: 30px !important;margin-bottom: 30px !important;}&#8221;][vc_column]<div class=\"hero cast-title title-smaller\">O NORTH PIER NIERUCHOMO\u015aCI I INWESTYCJE<\/div>[vc_column_text]Firma North Pier Investment zosta\u0142a za\u0142o\u017cona w 2014 roku w celu oferowania niezawodnych, przejrzystych i zr\u00f3wnowa\u017conych rozwi\u0105za\u0144 w bran\u017cy nieruchomo\u015bci i inwestycji. Od momentu powstania naszej firmy staramy si\u0119 dok\u0142adnie analizowa\u0107 potrzeby naszych inwestor\u00f3w, aby oferowa\u0107 im najlepsze mo\u017cliwo\u015bci inwestycyjne.[\/vc_column_text][vc_column_text]Naszym g\u0142\u00f3wnym obszarem dzia\u0142alno\u015bci jest Alanya, jednak \u015bwiadczymy us\u0142ugi r\u00f3wnie\u017c w innych wa\u017cnych lokalizacjach inwestycyjnych w Turcji i regionie, takich jak Antalya, Mersin, Izmir, Stambu\u0142, Ankara, \u00c7e\u015fme, Marmaris i Bodrum. Dzi\u0119ki naszemu bogatemu portfolio i regionalnej wiedzy specjalistycznej oferujemy naszym inwestorom solidne i dochodowe mo\u017cliwo\u015bci w r\u00f3\u017cnych lokalizacjach.[\/vc_column_text][\/vc_column][\/vc_row][vc_row full_width=&#8221;stretch_row&#8221; css=&#8221;.vc_custom_1773477977380{padding-bottom: 40px !important;}&#8221;][vc_column][vc_tta_accordion style=&#8221;flat&#8221; shape=&#8221;square&#8221; color=&#8221;black&#8221; active_section=&#8221;1&#8243;][vc_tta_section title=&#8221;Jak mog\u0119 zamie\u015bci\u0107 swoj\u0105 nieruchomo\u015b\u0107 na Pa\u0144stwa stronie internetowej?&#8221; tab_id=&#8221;1773481572614-fbe364f9-7563&#8243;][vc_column_text]Aby zamie\u015bci\u0107 swoj\u0105 nieruchomo\u015b\u0107, za\u0142\u00f3\u017c konto na naszej stronie internetowej, podaj prawid\u0142owe informacje o nieruchomo\u015bci, prze\u015blij wysokiej jako\u015bci zdj\u0119cia i ustal odpowiedni\u0105 cen\u0119.[\/vc_column_text][\/vc_tta_section][vc_tta_section title=&#8221;Czy mog\u0119 zamie\u015bci\u0107 wi\u0119cej ni\u017c jedn\u0105 nieruchomo\u015b\u0107 na jednym koncie?&#8221; tab_id=&#8221;1773481572625-edff18ea-a76d&#8221;][vc_column_text]Tak, za pomoc\u0105 jednego konta mo\u017cesz zamie\u015bci\u0107 wi\u0119cej ni\u017c jedn\u0105 nieruchomo\u015b\u0107 i projekt. Wystarczy, \u017ce dla ka\u017cdej nieruchomo\u015bci i ka\u017cdego projektu zastosujesz ten sam proces wystawiania.[\/vc_column_text][\/vc_tta_section][vc_tta_section title=&#8221;Czy wystawienie mojej nieruchomo\u015bci na waszej platformie jest p\u0142atne?&#8221; tab_id=&#8221;1773481678719-860ddd7c-1e70&#8243;][vc_column_text]Oferujemy zar\u00f3wno bezp\u0142atne, jak i premium opcje og\u0142osze\u0144. Podstawowe og\u0142oszenia s\u0105 bezp\u0142atne, natomiast opcje premium, za op\u0142at\u0105, mog\u0105 zapewnia\u0107 wi\u0119ksz\u0105 widoczno\u015b\u0107 i dodatkowe funkcje.[\/vc_column_text][\/vc_tta_section][vc_tta_section title=&#8221;Jakie informacje powinienem zamie\u015bci\u0107 w og\u0142oszeniu o nieruchomo\u015bci?&#8221; tab_id=&#8221;1773481747619-0322a55b-52bd&#8221;][vc_column_text]Wa\u017cne jest podanie szczeg\u00f3\u0142owych informacji, takich jak oferowane udogodnienia, cechy, wyposa\u017cenie, cena oraz powierzchnia w metrach kwadratowych. Im wi\u0119cej szczeg\u00f3\u0142\u00f3w podasz, tym wi\u0119ksza szansa, \u017ce przyci\u0105gniesz potencjalnych nabywc\u00f3w.[\/vc_column_text][\/vc_tta_section][vc_tta_section title=&#8221;Jak d\u0142ugo moje og\u0142oszenie nieruchomo\u015bci b\u0119dzie aktywne?&#8221; tab_id=&#8221;1773481791313-19ac0ac0-0cf9&#8243;][vc_column_text]Okres publikacji og\u0142oszenia nieruchomo\u015bci zale\u017cy od wybranego typu og\u0142oszenia. Og\u0142oszenia bezp\u0142atne maj\u0105 zazwyczaj standardowy okres wy\u015bwietlania, natomiast og\u0142oszenia premium mog\u0105 mie\u0107 d\u0142u\u017cszy czas widoczno\u015bci.[\/vc_column_text][\/vc_tta_section][vc_tta_section title=&#8221;Czy mog\u0119 edytowa\u0107 og\u0142oszenie po jego opublikowaniu?&#8221; tab_id=&#8221;1773481845609-87b3743c-44c9&#8243;][vc_column_text]Tak, og\u0142oszenie mo\u017cna edytowa\u0107 w dowolnym momencie. Zaloguj si\u0119 na swoje konto, przejd\u017a do og\u0142oszenia i wprowad\u017a niezb\u0119dne zmiany w szczeg\u00f3\u0142ach, cenie lub zdj\u0119ciach.[\/vc_column_text][\/vc_tta_section][vc_tta_section title=&#8221;Jak mog\u0119 nawi\u0105za\u0107 kontakt z potencjalnymi nabywcami?&#8221; tab_id=&#8221;1773481899665-cc41597d-94e0&#8243;][vc_column_text]Zainteresowani nabywcy mog\u0105 skontaktowa\u0107 si\u0119 z Tob\u0105, korzystaj\u0105c z danych kontaktowych podanych w og\u0142oszeniu. Aby zapewni\u0107 prywatno\u015b\u0107 i bezpiecze\u0144stwo podczas rozm\u00f3w, zalecamy korzystanie z naszego bezpiecznego systemu wiadomo\u015bci.[\/vc_column_text][\/vc_tta_section][vc_tta_section title=&#8221;Co si\u0119 stanie, je\u015bli moja nieruchomo\u015b\u0107 zostanie sprzedana lub wynaj\u0119ta za po\u015brednictwem innej platformy?&#8221; tab_id=&#8221;1773481942023-abcee67e-9600&#8243;][vc_column_text]Je\u015bli Twoja nieruchomo\u015b\u0107 zostanie sprzedana lub wynaj\u0119ta za po\u015brednictwem innej platformy, wa\u017cne jest, aby\u015b natychmiast usun\u0105\u0142 swoje og\u0142oszenie z naszej strony internetowej lub oznaczy\u0142 je jako sprzedane, aby unikn\u0105\u0107 nieporozumie\u0144 w\u015br\u00f3d potencjalnych nabywc\u00f3w.[\/vc_column_text][\/vc_tta_section][vc_tta_section title=&#8221;Czy s\u0105 jakie\u015b wskaz\u00f3wki dotycz\u0105ce robienia zdj\u0119\u0107 nieruchomo\u015bci?&#8221; tab_id=&#8221;1773482075074-dd1c4d78-7cf2&#8243;][vc_column_text]Oczywi\u015bcie! Wyra\u017ane i dobrze o\u015bwietlone zdj\u0119cia wykonane pod r\u00f3\u017cnymi k\u0105tami mog\u0105 znacznie poprawi\u0107 jako\u015b\u0107 Twojego og\u0142oszenia. Dodaj zdj\u0119cia wn\u0119trz, zewn\u0119trznej cz\u0119\u015bci, silnika oraz wszelkich specjalnych cech, je\u015bli takie istniej\u0105.[\/vc_column_text][\/vc_tta_section][vc_tta_section title=&#8221;Jakie \u015brodki bezpiecze\u0144stwa zosta\u0142y wprowadzone, aby zapobiega\u0107 oszustwom?&#8221; tab_id=&#8221;1773482101172-04394a67-b965&#8243;][vc_column_text]Traktujemy kwesti\u0119 zapobiegania oszustwom bardzo powa\u017cnie. Stosujemy r\u00f3\u017cne \u015brodki bezpiecze\u0144stwa i zalecamy przeprowadzanie transakcji lokalnie, weryfikacj\u0119 danych kupuj\u0105cego oraz zachowanie ostro\u017cno\u015bci w przypadku nietypowych \u017c\u0105da\u0144 dotycz\u0105cych p\u0142atno\u015bci.[\/vc_column_text][\/vc_tta_section][\/vc_tta_accordion][\/vc_column][\/vc_row][vc_row][vc_column el_class=&#8221;listing-form-area&#8221;]<div class=\"hero text-left\">Skontaktuj si\u0119 z nami, aby uzyska\u0107 indywidualn\u0105 prezentacj\u0119!<\/div>[vc_empty_space]\n<div class=\"wpcf7 no-js\" id=\"wpcf7-f1171-o5\" lang=\"en-US\" dir=\"ltr\" data-wpcf7-id=\"1171\">\n<div class=\"screen-reader-response\"><p role=\"status\" aria-live=\"polite\" aria-atomic=\"true\"><\/p> <ul><\/ul><\/div>\n<form action=\"\/pl\/wp-json\/wp\/v2\/pages\/50192#wpcf7-f1171-o5\" method=\"post\" class=\"wpcf7-form init\" aria-label=\"Contact form\" novalidate=\"novalidate\" data-status=\"init\">\n<fieldset class=\"hidden-fields-container\"><input type=\"hidden\" name=\"_wpcf7\" value=\"1171\" \/><input type=\"hidden\" name=\"_wpcf7_version\" value=\"6.1.5\" \/><input type=\"hidden\" name=\"_wpcf7_locale\" value=\"en_US\" \/><input type=\"hidden\" name=\"_wpcf7_unit_tag\" value=\"wpcf7-f1171-o5\" \/><input type=\"hidden\" name=\"_wpcf7_container_post\" value=\"0\" \/><input type=\"hidden\" name=\"_wpcf7_posted_data_hash\" value=\"\" \/><input type=\"hidden\" name=\"_wpcf7_locale_orj\" value=\"pl_PL\" \/>\n<\/fieldset>\n<div class=\"wpcf7-turnstile cf-turnstile\" data-sitekey=\"0x4AAAAAACx89XvKh7c-4vxs\" data-response-field-name=\"_wpcf7_turnstile_response\"><\/div>\n\n<div class=\"fields fields-3\">\n\t<p><span class=\"wpcf7-form-control-wrap\" data-name=\"your-name\"><input size=\"40\" maxlength=\"400\" class=\"wpcf7-form-control wpcf7-text wpcf7-validates-as-required name\" aria-required=\"true\" aria-invalid=\"false\" placeholder=\"Name*\" value=\"\" type=\"text\" name=\"your-name\" \/><\/span><br \/>\n<span class=\"wpcf7-form-control-wrap\" data-name=\"your-email\"><input size=\"40\" maxlength=\"400\" class=\"wpcf7-form-control wpcf7-email wpcf7-validates-as-required wpcf7-text wpcf7-validates-as-email email\" aria-required=\"true\" aria-invalid=\"false\" placeholder=\"E-Mail*\" value=\"\" type=\"email\" name=\"your-email\" \/><\/span><br \/>\n<span class=\"wpcf7-form-control-wrap\" data-name=\"your-phone\"><input size=\"40\" class=\"wpcf7-form-control wpcf7-phonetext wpcf7-validates-as-required wpcf7-text wpcf7-validates-as-phonetext phone\" aria-required=\"true\" aria-invalid=\"false\" value=\"+90\" type=\"text\" name=\"your-phone\" \/><input type=\"hidden\" name=\"your-phone-country-code\" class=\"wpcf7-phonetext-country-code\" \/><\/span>\n\t<\/p>\n<\/div>\n<div class=\"fields fields-odd\">\n\t<p><span class=\"wpcf7-form-control-wrap\" data-name=\"your-question\"><input size=\"40\" maxlength=\"400\" class=\"wpcf7-form-control wpcf7-text wpcf7-validates-as-required question\" aria-required=\"true\" aria-invalid=\"false\" placeholder=\"Any Question?\" value=\"\" type=\"text\" name=\"your-question\" \/><\/span><br \/>\n<input class=\"wpcf7-form-control wpcf7-submit has-spinner\" type=\"submit\" value=\"Send\" \/>\n\t<\/p>\n<\/div><div class=\"wpcf7-response-output\" aria-hidden=\"true\"><\/div>\n<\/form>\n<\/div>\n[vc_empty_space][\/vc_column][\/vc_row]<\/p>","protected":false},"excerpt":{"rendered":"<p>[vc_row css=&#8221;.vc_custom_1619509319604{margin-top: 30px !important;margin-bottom: 30px !important;}&#8221;][vc_column][vc_column_text]Firma North Pier Investment zosta\u0142a za\u0142o\u017cona w 2014 roku w celu oferowania niezawodnych, przejrzystych i zr\u00f3wnowa\u017conych rozwi\u0105za\u0144 w bran\u017cy nieruchomo\u015bci i inwestycji. Od momentu powstania naszej firmy staramy si\u0119 dok\u0142adnie analizowa\u0107 potrzeby naszych inwestor\u00f3w, aby oferowa\u0107 im najlepsze mo\u017cliwo\u015bci inwestycyjne.[\/vc_column_text][vc_column_text]Naszym g\u0142\u00f3wnym obszarem dzia\u0142alno\u015bci jest Alanya, jednak \u015bwiadczymy us\u0142ugi r\u00f3wnie\u017c w [&hellip;]<\/p>\n","protected":false},"author":5,"featured_media":0,"parent":0,"menu_order":0,"comment_status":"closed","ping_status":"closed","template":"","meta":{"inline_featured_image":false,"footnotes":""},"class_list":["post-50192","page","type-page","status-publish","hentry"],"_links":{"self":[{"href":"https:\/\/northpierinvest.com\/pl\/wp-json\/wp\/v2\/pages\/50192","targetHints":{"allow":["GET"]}}],"collection":[{"href":"https:\/\/northpierinvest.com\/pl\/wp-json\/wp\/v2\/pages"}],"about":[{"href":"https:\/\/northpierinvest.com\/pl\/wp-json\/wp\/v2\/types\/page"}],"author":[{"embeddable":true,"href":"https:\/\/northpierinvest.com\/pl\/wp-json\/wp\/v2\/users\/5"}],"replies":[{"embeddable":true,"href":"https:\/\/northpierinvest.com\/pl\/wp-json\/wp\/v2\/comments?post=50192"}],"version-history":[{"count":3,"href":"https:\/\/northpierinvest.com\/pl\/wp-json\/wp\/v2\/pages\/50192\/revisions"}],"predecessor-version":[{"id":50285,"href":"https:\/\/northpierinvest.com\/pl\/wp-json\/wp\/v2\/pages\/50192\/revisions\/50285"}],"wp:attachment":[{"href":"https:\/\/northpierinvest.com\/pl\/wp-json\/wp\/v2\/media?parent=50192"}],"curies":[{"name":"wp","href":"https:\/\/api.w.org\/{rel}","templated":true}]}}