{"id":50192,"date":"2026-03-14T12:55:46","date_gmt":"2026-03-14T09:55:46","guid":{"rendered":"https:\/\/northpierinvest.com\/?page_id=50192"},"modified":"2026-03-15T14:06:53","modified_gmt":"2026-03-15T11:06:53","slug":"faq","status":"publish","type":"page","link":"https:\/\/northpierinvest.com\/de\/faq\/","title":{"rendered":"FAQ"},"content":{"rendered":"<p>[vc_row css=&#8220;.vc_custom_1619509319604{margin-top: 30px !important;margin-bottom: 30px !important;}&#8220;][vc_column]<div class=\"hero cast-title title-smaller\">\u00dcBER NORTH PIER IMMOBILIEN &amp; INVESTITIONEN<\/div>[vc_column_text]North Pier Investment wurde 2014 mit dem Ziel gegr\u00fcndet, zuverl\u00e4ssige, transparente und nachhaltige L\u00f6sungen im Immobilien- und Investitionsbereich anzubieten. Seit unserer Gr\u00fcndung analysieren wir die Bed\u00fcrfnisse unserer Investoren genau und sind bestrebt, ihnen die passendsten Investitionsm\u00f6glichkeiten anzubieten.[\/vc_column_text][vc_column_text]Unser Hauptt\u00e4tigkeitsgebiet ist Alanya, doch wir sind auch an wichtigen Investitionsstandorten in der T\u00fcrkei und der Region t\u00e4tig, darunter Antalya, Mersin, \u0130zmir, \u0130stanbul, Ankara, \u00c7e\u015fme, Marmaris und Bodrum. Dank unseres breiten Portfolios und unserer regionalen Expertise bieten wir unseren Investoren starke und gewinnbringende M\u00f6glichkeiten an verschiedenen Standorten.[\/vc_column_text][\/vc_column][\/vc_row][vc_row full_width=&#8220;stretch_row&#8220; css=&#8220;.vc_custom_1773477977380{padding-bottom: 40px !important;}&#8220;][vc_column][vc_tta_accordion style=&#8220;flat&#8220; shape=&#8220;square&#8220; color=&#8220;black&#8220; active_section=&#8220;1&#8243;][vc_tta_section title=&#8220;Wie kann ich meine Immobilie auf Ihrer Website inserieren?&#8220; tab_id=&#8220;1773481572614-fbe364f9-7563&#8243;][vc_column_text]Erstellen Sie ein Konto auf unserer Website, um Ihre Immobilie einzustellen, geben Sie die richtigen Objektdaten an, laden Sie hochwertige Fotos hoch und legen Sie einen angemessenen Preis fest.[\/vc_column_text][\/vc_tta_section][vc_tta_section title=&#8220;Kann ich mehrere Immobilien unter einem einzigen Konto inserieren?&#8220; tab_id=&#8220;1773481572625-edff18ea-a76d&#8220;][vc_column_text]Ja, Sie k\u00f6nnen mit einem einzigen Konto mehrere Immobilien und Projekte inserieren. Sie m\u00fcssen lediglich f\u00fcr jede Immobilie und jedes Projekt denselben Anmeldeprozess durchlaufen.[\/vc_column_text][\/vc_tta_section][vc_tta_section title=&#8220;Ist die Ver\u00f6ffentlichung meiner Immobilie auf Ihrer Plattform kostenpflichtig?&#8220; tab_id=&#8220;1773481678719-860ddd7c-1e70&#8243;][vc_column_text]Wir bieten sowohl kostenlose als auch Premium-Anzeigenoptionen an. Basisanzeigen sind kostenlos, w\u00e4hrend Premium-Optionen gegen eine Geb\u00fchr mehr Sichtbarkeit und zus\u00e4tzliche Funktionen bieten k\u00f6nnen.[\/vc_column_text][\/vc_tta_section][vc_tta_section title=&#8220;Welche Informationen sollte ich in meiner Immobilienanzeige angeben?&#8220; tab_id=&#8220;1773481747619-0322a55b-52bd&#8220;][vc_column_text]Es ist wichtig, detaillierte Informationen wie angebotene Annehmlichkeiten, Eigenschaften, Einrichtungen, Preis und Fl\u00e4che in Quadratmetern anzugeben. Je mehr Details Sie angeben, desto gr\u00f6\u00dfer ist Ihre Chance, potenzielle K\u00e4ufer anzusprechen.[\/vc_column_text][\/vc_tta_section][vc_tta_section title=&#8220;Wie lange bleibt meine Immobilienanzeige aktiv?&#8220; tab_id=&#8220;1773481791313-19ac0ac0-0cf9&#8243;][vc_column_text]Die Ver\u00f6ffentlichungsdauer Ihrer Immobilienanzeige h\u00e4ngt von der von Ihnen gew\u00e4hlten Anzeigentyp ab. Kostenlose Anzeigen haben in der Regel eine Standardlaufzeit, w\u00e4hrend Premium-Anzeigen eine l\u00e4ngere Sichtbarkeitsdauer haben k\u00f6nnen.[\/vc_column_text][\/vc_tta_section][vc_tta_section title=&#8220;Kann ich meine Anzeige nach der Ver\u00f6ffentlichung bearbeiten?&#8220; tab_id=&#8220;1773481845609-87b3743c-44c9&#8243;][vc_column_text]Ja, Sie k\u00f6nnen Ihre Anzeige jederzeit bearbeiten. Melden Sie sich bei Ihrem Konto an, rufen Sie Ihre Anzeige auf und nehmen Sie die erforderlichen \u00c4nderungen an den Details, dem Preis oder den Bildern vor.[\/vc_column_text][\/vc_tta_section][vc_tta_section title=&#8220;Wie kann ich mit potenziellen K\u00e4ufern kommunizieren?&#8220; tab_id=&#8220;1773481899665-cc41597d-94e0&#8243;][vc_column_text]Interessierte K\u00e4ufer k\u00f6nnen \u00fcber die in Ihrer Anzeige angegebenen Kontaktdaten mit Ihnen in Verbindung treten. Wir empfehlen Ihnen, unser sicheres Nachrichtensystem zu nutzen, um w\u00e4hrend der Verhandlungen Datenschutz und Sicherheit zu gew\u00e4hrleisten.[\/vc_column_text][\/vc_tta_section][vc_tta_section title=&#8220;Was passiert, wenn meine Immobilie \u00fcber eine andere Plattform verkauft oder vermietet wird?&#8220; tab_id=&#8220;1773481942023-abcee67e-9600&#8243;][vc_column_text]Wenn Ihre Immobilie \u00fcber eine andere Plattform verkauft oder vermietet wird, ist es wichtig, dass Sie Ihr Inserat umgehend von unserer Website entfernen oder als \u201everkauft\u201c kennzeichnen, um Verwirrung bei potenziellen K\u00e4ufern zu vermeiden.[\/vc_column_text][\/vc_tta_section][vc_tta_section title=&#8220;Gibt es Tipps f\u00fcr das Fotografieren von Immobilien?\u201c tab_id=&#8220;1773482075074-dd1c4d78-7cf2&#8243;][vc_column_text]Auf jeden Fall! Scharfe und gut beleuchtete Fotos aus verschiedenen Blickwinkeln k\u00f6nnen Ihre Anzeige erheblich aufwerten. F\u00fcgen Sie Fotos des Innenraums, des Au\u00dfenbereichs, des Motors und gegebenenfalls besonderer Merkmale hinzu.[\/vc_column_text][\/vc_tta_section][vc_tta_section title=&#8220;Welche Sicherheitsma\u00dfnahmen wurden getroffen, um Betrug zu verhindern?&#8220; tab_id=&#8220;1773482101172-04394a67-b965&#8243;][vc_column_text]Wir nehmen das Thema Betrugsbek\u00e4mpfung sehr ernst. Wir wenden verschiedene Sicherheitsma\u00dfnahmen an und empfehlen Ihnen, Transaktionen vor Ort durchzuf\u00fchren, die Angaben des K\u00e4ufers zu \u00fcberpr\u00fcfen und bei ungew\u00f6hnlichen Zahlungsanfragen vorsichtig zu sein.[\/vc_column_text][\/vc_tta_section][\/vc_tta_accordion][\/vc_column][\/vc_row][vc_row][vc_column el_class=&#8220;listing-form-area&#8220;]<div class=\"hero text-left\">Kontaktieren Sie uns f\u00fcr eine pers\u00f6nliche Pr\u00e4sentation!<\/div>[vc_empty_space]\n<div class=\"wpcf7 no-js\" id=\"wpcf7-f1171-o3\" lang=\"en-US\" dir=\"ltr\" data-wpcf7-id=\"1171\">\n<div class=\"screen-reader-response\"><p role=\"status\" aria-live=\"polite\" aria-atomic=\"true\"><\/p> <ul><\/ul><\/div>\n<form action=\"\/de\/wp-json\/wp\/v2\/pages\/50192#wpcf7-f1171-o3\" method=\"post\" class=\"wpcf7-form init\" aria-label=\"Contact form\" novalidate=\"novalidate\" data-status=\"init\">\n<fieldset class=\"hidden-fields-container\"><input type=\"hidden\" name=\"_wpcf7\" value=\"1171\" \/><input type=\"hidden\" name=\"_wpcf7_version\" value=\"6.1.5\" \/><input type=\"hidden\" name=\"_wpcf7_locale\" value=\"en_US\" \/><input type=\"hidden\" name=\"_wpcf7_unit_tag\" value=\"wpcf7-f1171-o3\" \/><input type=\"hidden\" name=\"_wpcf7_container_post\" value=\"0\" \/><input type=\"hidden\" name=\"_wpcf7_posted_data_hash\" value=\"\" \/><input type=\"hidden\" name=\"_wpcf7_locale_orj\" value=\"de_DE\" \/>\n<\/fieldset>\n<div class=\"wpcf7-turnstile cf-turnstile\" data-sitekey=\"0x4AAAAAACx89XvKh7c-4vxs\" data-response-field-name=\"_wpcf7_turnstile_response\"><\/div>\n\n<div class=\"fields fields-3\">\n\t<p><span class=\"wpcf7-form-control-wrap\" data-name=\"your-name\"><input size=\"40\" maxlength=\"400\" class=\"wpcf7-form-control wpcf7-text wpcf7-validates-as-required name\" aria-required=\"true\" aria-invalid=\"false\" placeholder=\"Name*\" value=\"\" type=\"text\" name=\"your-name\" \/><\/span><br \/>\n<span class=\"wpcf7-form-control-wrap\" data-name=\"your-email\"><input size=\"40\" maxlength=\"400\" class=\"wpcf7-form-control wpcf7-email wpcf7-validates-as-required wpcf7-text wpcf7-validates-as-email email\" aria-required=\"true\" aria-invalid=\"false\" placeholder=\"E-Mail*\" value=\"\" type=\"email\" name=\"your-email\" \/><\/span><br \/>\n<span class=\"wpcf7-form-control-wrap\" data-name=\"your-phone\"><input size=\"40\" class=\"wpcf7-form-control wpcf7-phonetext wpcf7-validates-as-required wpcf7-text wpcf7-validates-as-phonetext phone\" aria-required=\"true\" aria-invalid=\"false\" value=\"+90\" type=\"text\" name=\"your-phone\" \/><input type=\"hidden\" name=\"your-phone-country-code\" class=\"wpcf7-phonetext-country-code\" \/><\/span>\n\t<\/p>\n<\/div>\n<div class=\"fields fields-odd\">\n\t<p><span class=\"wpcf7-form-control-wrap\" data-name=\"your-question\"><input size=\"40\" maxlength=\"400\" class=\"wpcf7-form-control wpcf7-text wpcf7-validates-as-required question\" aria-required=\"true\" aria-invalid=\"false\" placeholder=\"Any Question?\" value=\"\" type=\"text\" name=\"your-question\" \/><\/span><br \/>\n<input class=\"wpcf7-form-control wpcf7-submit has-spinner\" type=\"submit\" value=\"Send\" \/>\n\t<\/p>\n<\/div><div class=\"wpcf7-response-output\" aria-hidden=\"true\"><\/div>\n<\/form>\n<\/div>\n[vc_empty_space][\/vc_column][\/vc_row]<\/p>","protected":false},"excerpt":{"rendered":"<p>[vc_row css=&#8220;.vc_custom_1619509319604{margin-top: 30px !important;margin-bottom: 30px !important;}&#8220;][vc_column][vc_column_text]North Pier Investment wurde 2014 mit dem Ziel gegr\u00fcndet, zuverl\u00e4ssige, transparente und nachhaltige L\u00f6sungen im Immobilien- und Investitionsbereich anzubieten. Seit unserer Gr\u00fcndung analysieren wir die Bed\u00fcrfnisse unserer Investoren genau und sind bestrebt, ihnen die passendsten Investitionsm\u00f6glichkeiten anzubieten.[\/vc_column_text][vc_column_text]Unser Hauptt\u00e4tigkeitsgebiet ist Alanya, doch wir sind auch an wichtigen Investitionsstandorten in der T\u00fcrkei [&hellip;]<\/p>\n","protected":false},"author":5,"featured_media":0,"parent":0,"menu_order":0,"comment_status":"closed","ping_status":"closed","template":"","meta":{"inline_featured_image":false,"footnotes":""},"class_list":["post-50192","page","type-page","status-publish","hentry"],"_links":{"self":[{"href":"https:\/\/northpierinvest.com\/de\/wp-json\/wp\/v2\/pages\/50192","targetHints":{"allow":["GET"]}}],"collection":[{"href":"https:\/\/northpierinvest.com\/de\/wp-json\/wp\/v2\/pages"}],"about":[{"href":"https:\/\/northpierinvest.com\/de\/wp-json\/wp\/v2\/types\/page"}],"author":[{"embeddable":true,"href":"https:\/\/northpierinvest.com\/de\/wp-json\/wp\/v2\/users\/5"}],"replies":[{"embeddable":true,"href":"https:\/\/northpierinvest.com\/de\/wp-json\/wp\/v2\/comments?post=50192"}],"version-history":[{"count":3,"href":"https:\/\/northpierinvest.com\/de\/wp-json\/wp\/v2\/pages\/50192\/revisions"}],"predecessor-version":[{"id":50285,"href":"https:\/\/northpierinvest.com\/de\/wp-json\/wp\/v2\/pages\/50192\/revisions\/50285"}],"wp:attachment":[{"href":"https:\/\/northpierinvest.com\/de\/wp-json\/wp\/v2\/media?parent=50192"}],"curies":[{"name":"wp","href":"https:\/\/api.w.org\/{rel}","templated":true}]}}