{"id":1311,"date":"2021-04-27T07:28:07","date_gmt":"2021-04-27T07:28:07","guid":{"rendered":"https:\/\/northpierinvest.com\/?page_id=1311"},"modified":"2026-03-14T14:51:26","modified_gmt":"2026-03-14T11:51:26","slug":"about-us","status":"publish","type":"page","link":"https:\/\/northpierinvest.com\/de\/about-us\/","title":{"rendered":"\u00dcber uns"},"content":{"rendered":"<p>[vc_row css=&#8220;.vc_custom_1619509319604{margin-top: 30px !important;margin-bottom: 30px !important;}&#8220;][vc_column]<div class=\"hero cast-title title-smaller\">\u00dcBER NORTH PIER IMMOBILIEN &amp; INVESTITIONEN<\/div>[vc_column_text]North Pier Investment wurde 2014 mit dem Ziel gegr\u00fcndet, zuverl\u00e4ssige, transparente und nachhaltige L\u00f6sungen im Immobilien- und Investmentsektor anzubieten. Seit unserer Gr\u00fcndung ist es unser Bestreben, die Bed\u00fcrfnisse unserer Investoren pr\u00e4zise zu analysieren und ihnen die passendsten Investitionsm\u00f6glichkeiten zu bieten.[\/vc_column_text][vc_column_text]Unser Hauptt\u00e4tigkeitsgebiet ist zwar Alanya, wir bieten unsere Dienstleistungen aber auch an wichtigen Investitionsstandorten in der gesamten T\u00fcrkei und der Region an, darunter Antalya, Mersin, Izmir, Istanbul, Ankara, \u00c7e\u015fme, Marmaris und Bodrum. Dank unseres breiten Portfolios und unserer regionalen Expertise bieten wir Investoren attraktive und profitable Anlagem\u00f6glichkeiten an verschiedenen Standorten.[\/vc_column_text][\/vc_column][\/vc_row][vc_row][vc_column width=&#8220;1\/2&#8243;][vc_column_text]<\/p>\n<div class=\"group w-full text-gray-800 dark:text-gray-100 border-b border-black\/10 dark:border-gray-900\/50 bg-gray-50 dark:bg-[#444654]\">\n<div class=\"flex p-4 gap-4 text-base md:gap-6 md:max-w-2xl lg:max-w-[38rem] xl:max-w-3xl md:py-6 lg:px-0 m-auto\">\n<div class=\"relative flex w-[calc(100%-50px)] flex-col gap-1 md:gap-3 lg:w-[calc(100%-115px)]\">\n<div class=\"flex flex-grow flex-col gap-3\">\n<div class=\"min-h-[20px] flex flex-col items-start gap-4 whitespace-pre-wrap break-words\">\n<div class=\"markdown prose w-full break-words dark:prose-invert light\">\n<blockquote class=\"blockquote\">\n<footer class=\"blockquote-title\">\n<h3 class=\"black\"><strong>UNSERE MISSION<\/strong><\/h3>\n<\/footer>\n<\/blockquote>\n<p>Als North Pier Investment bieten wir professionelle Beratung in vielen Bereichen der Immobilieninvestition an, insbesondere in den Bereichen Wohnimmobilien, Grundst\u00fccke, Villen und Staatsb\u00fcrgerschaftsdienstleistungen. Unser Ziel ist nicht nur der erfolgreiche Abschluss eines Immobilienverkaufs, sondern die Schaffung einer langfristigen und verl\u00e4sslichen Investitionsgrundlage f\u00fcr unsere Anleger.<\/p>\n<p>Bei North Pier Investment arbeiten wir nach den Prinzipien Vertrauen, Transparenz und Professionalit\u00e4t und unterst\u00fctzen unsere Anleger dabei, ihre Zukunft auf einem soliden Fundament aufzubauen.<\/p>\n<blockquote class=\"blockquote\">\n<footer class=\"blockquote-title\">\n<h3 class=\"black\"><strong>UNSERE VISION<\/strong><\/h3>\n<\/footer>\n<\/blockquote>\n<p>Unsere Vision ist es, einen verl\u00e4sslichen Weg f\u00fcr alle Investoren zu ebnen und durch solide Anlagen zur Schaffung nachhaltigen Werts beizutragen. Dank unseres erfahrenen Teams, unserer Marktkenntnisse und unserer kundenorientierten Vorgehensweise begleiten wir unsere Investoren in jeder Phase.<\/p>\n<footer class=\"blockquote-footer\"><\/footer>\n<\/div>\n<\/div>\n<\/div>\n<\/div>\n<\/div>\n<\/div>\n<p>[\/vc_column_text][\/vc_column][vc_column width=&#8220;1\/2&#8243;][vc_single_image image=&#8220;50183&#8243; img_size=&#8220;full&#8220;][\/vc_column][\/vc_row][vc_row full_width=&#8220;stretch_row&#8220; css=&#8220;.vc_custom_1773477977380{padding-bottom: 40px !important;}&#8220;][vc_column]<div class=\"hero cast-title title-smaller\">Ekibimiz<\/div>        <style>\n        .the-agent-thumbnail img {\n                object-fit: cover;\n               background: #fff;\n               height: auto;\n        }\n        .agent-social-link,\n        .agent-languages ul { margin: 0px; }\n        .agent-languages ul li {\n            display: inline-block;\n                margin: 0px 4px;\n        }\n\n        .the-agent-thumbnail img {\n            border-bottom: 4px solid #25283b;\n        }\n\n        .the-agent-thumbnail:after {\n            content: none;\n        }\n        .the-agent-content {\n            padding: 15px 0px;\n                text-align: center;\n        }\n        .agent-contact i {\n            margin-right: 5px;\n        }\n        .agent-contact {\n            margin-top: 15px;\n        }\n\n        .the-agent-content h4 {\n            color: #25283b;\n            margin: 0px;\n        }\n        .agents-list.agent-dark .the-agent-inner {\n            border-radius: 7px;\n            overflow: hidden;\n        }\n        .agent-contact div {\n            display: inline-block;\n            border: 1px #ccc solid;\n            border-radius: 3px;\n            text-align: center;\n            width: 35px;\n            height: 35px;\n            margin-right: 5px;\n            background: #efefec;\n        }\n        .agent-contact div a {display: block;}\n        .agent-contact div a i {\n            margin: 0px;\n            line-height: 34px;\n            color: #25283b;\n        }\n\n        <\/style>\n        <div class=\"row agents-list agent-dark\">\n                        <div class=\"the-agent col-md-3\">\n                <div class=\"the-agent-inner\">\n                    <div class=\"the-agent-thumbnail\">\n                                                   <img decoding=\"async\" src=\"https:\/\/northpierinvest.com\/wp-content\/uploads\/2026\/04\/Gemini_Generated_Image_i91p4ii91p4ii91p.png\" class=\"img-fluid\" alt=\"MUSTAFA \u015eENOL\">\n                    <\/div>\n\n                    <div class=\"the-agent-content\">\n                        <h4>MUSTAFA \u015eENOL<\/h4>\n\n                                                    <div class=\"agent-languages\">\n                                                            <ul>\n                                <li><img decoding=\"async\" src=\"\/wp-content\/plugins\/qtranslate-xt\/flags\/en.png\" \/><\/li><li><img decoding=\"async\" src=\"\/wp-content\/plugins\/qtranslate-xt\/flags\/de.png\" \/><\/li><li><img decoding=\"async\" src=\"\/wp-content\/plugins\/qtranslate-xt\/flags\/tr.png\" \/><\/li>                            <\/ul>\n                                                        <\/div>\n                        \n                                                    <div class=\"agent-additional-fields\">\n                                <div class=\"agent-position\">CEO<\/div>\n                            <\/div>\n                        \n                        \n                        <div class=\"agent-contact\">\n                                                        <div><a href=\"mailto:mustafa@northpierinvest.com\"><i class=\"fas fa-envelope\"><\/i><\/a><\/div>\n                                                        <div><a href=\"tel:+905324334737\"><i class=\"fas fa-phone\"><\/i><\/a><\/div>\n                                                        <div><a href=\"https:\/\/wa.me\/+905324334737\"><i class=\"fab fa-whatsapp\"><\/i><\/a><\/div>\n                            \n                             \n                                                    <\/div>\n\n\n                    <\/div>\n                <\/div>\n            <\/div>\n                        <div class=\"the-agent col-md-3\">\n                <div class=\"the-agent-inner\">\n                    <div class=\"the-agent-thumbnail\">\n                                                   <img decoding=\"async\" src=\"https:\/\/northpierinvest.com\/wp-content\/uploads\/2026\/04\/Gemini_Generated_Image_lcaqqlcaqqlcaqql-e1775632838445.png\" class=\"img-fluid\" alt=\"Alihan \u015eENOL\">\n                    <\/div>\n\n                    <div class=\"the-agent-content\">\n                        <h4>Alihan \u015eENOL<\/h4>\n\n                                                    <div class=\"agent-languages\">\n                                                            <ul>\n                                <li><img decoding=\"async\" src=\"\/wp-content\/plugins\/qtranslate-xt\/flags\/en.png\" \/><\/li><li><img decoding=\"async\" src=\"\/wp-content\/plugins\/qtranslate-xt\/flags\/tr.png\" \/><\/li>                            <\/ul>\n                                                        <\/div>\n                        \n                                                    <div class=\"agent-additional-fields\">\n                                <div class=\"agent-position\">(Turkish) IT Manager<\/div>\n                            <\/div>\n                        \n                        \n                        <div class=\"agent-contact\">\n                                                        <div><a href=\"#\"><i class=\"fas fa-envelope\"><\/i><\/a><\/div>\n                                                        <div><a href=\"tel:+05372543294\"><i class=\"fas fa-phone\"><\/i><\/a><\/div>\n                                                        <div><a href=\"https:\/\/wa.me\/+05372543294\"><i class=\"fab fa-whatsapp\"><\/i><\/a><\/div>\n                            \n                             \n                                                    <\/div>\n\n\n                    <\/div>\n                <\/div>\n            <\/div>\n                        <div class=\"the-agent col-md-3\">\n                <div class=\"the-agent-inner\">\n                    <div class=\"the-agent-thumbnail\">\n                                                   <img decoding=\"async\" src=\"https:\/\/northpierinvest.com\/wp-content\/uploads\/2026\/04\/IMG_5946-2-e1775631825781.png\" class=\"img-fluid\" alt=\"G\u00f6ktu\u011f \u015eENOL\">\n                    <\/div>\n\n                    <div class=\"the-agent-content\">\n                        <h4>G\u00f6ktu\u011f \u015eENOL<\/h4>\n\n                                                    <div class=\"agent-languages\">\n                                                            <ul>\n                                <li><img decoding=\"async\" src=\"\/wp-content\/plugins\/qtranslate-xt\/flags\/en.png\" \/><\/li><li><img decoding=\"async\" src=\"\/wp-content\/plugins\/qtranslate-xt\/flags\/tr.png\" \/><\/li>                            <\/ul>\n                                                        <\/div>\n                        \n                                                    <div class=\"agent-additional-fields\">\n                                <div class=\"agent-position\">(Turkish) Financial Director<\/div>\n                            <\/div>\n                        \n                        \n                        <div class=\"agent-contact\">\n                                                        <div><a href=\"#\"><i class=\"fas fa-envelope\"><\/i><\/a><\/div>\n                                                        <div><a href=\"tel:+905392391488\"><i class=\"fas fa-phone\"><\/i><\/a><\/div>\n                                                        <div><a href=\"https:\/\/wa.me\/+905392391488\"><i class=\"fab fa-whatsapp\"><\/i><\/a><\/div>\n                            \n                             \n                                                    <\/div>\n\n\n                    <\/div>\n                <\/div>\n            <\/div>\n                        <div class=\"the-agent col-md-3\">\n                <div class=\"the-agent-inner\">\n                    <div class=\"the-agent-thumbnail\">\n                                                   <img decoding=\"async\" src=\"https:\/\/northpierinvest.com\/wp-content\/uploads\/2026\/04\/Gemini_Generated_Image_41nmxo41nmxo41nm.png\" class=\"img-fluid\" alt=\"Natalia YILDIZ\">\n                    <\/div>\n\n                    <div class=\"the-agent-content\">\n                        <h4>Natalia YILDIZ<\/h4>\n\n                                                    <div class=\"agent-languages\">\n                                                            <ul>\n                                <li><img decoding=\"async\" src=\"\/wp-content\/plugins\/qtranslate-xt\/flags\/en.png\" \/><\/li><li><img decoding=\"async\" src=\"\/wp-content\/plugins\/qtranslate-xt\/flags\/ru.png\" \/><\/li><li><img decoding=\"async\" src=\"\/wp-content\/plugins\/qtranslate-xt\/flags\/tr.png\" \/><\/li>                            <\/ul>\n                                                        <\/div>\n                        \n                                                    <div class=\"agent-additional-fields\">\n                                <div class=\"agent-position\">(Turkish) Sat\u0131\u015f Dan\u0131\u015fman\u0131<\/div>\n                            <\/div>\n                        \n                        \n                        <div class=\"agent-contact\">\n                                                        <div><a href=\"#\"><i class=\"fas fa-envelope\"><\/i><\/a><\/div>\n                                                        <div><a href=\"tel:+05377889479\"><i class=\"fas fa-phone\"><\/i><\/a><\/div>\n                                                        <div><a href=\"https:\/\/wa.me\/+05377889479\"><i class=\"fab fa-whatsapp\"><\/i><\/a><\/div>\n                            \n                             \n                                                    <\/div>\n\n\n                    <\/div>\n                <\/div>\n            <\/div>\n                        <div class=\"the-agent col-md-3\">\n                <div class=\"the-agent-inner\">\n                    <div class=\"the-agent-thumbnail\">\n                                                   <img decoding=\"async\" src=\"https:\/\/northpierinvest.com\/wp-content\/themes\/nth-child\/1.jpg\" class=\"img-fluid\" alt=\"Yulia Barsan\">\n                    <\/div>\n\n                    <div class=\"the-agent-content\">\n                        <h4>Yulia Barsan<\/h4>\n\n                                                    <div class=\"agent-languages\">\n                                                            <ul>\n                                <li><img decoding=\"async\" src=\"\/wp-content\/plugins\/qtranslate-xt\/flags\/en.png\" \/><\/li><li><img decoding=\"async\" src=\"\/wp-content\/plugins\/qtranslate-xt\/flags\/ru.png\" \/><\/li><li><img decoding=\"async\" src=\"\/wp-content\/plugins\/qtranslate-xt\/flags\/tr.png\" \/><\/li>                            <\/ul>\n                                                        <\/div>\n                        \n                                                    <div class=\"agent-additional-fields\">\n                                <div class=\"agent-position\">CEO \/ KURUCU<\/div>\n                            <\/div>\n                        \n                        \n                        <div class=\"agent-contact\">\n                                                        <div><a href=\"#\"><i class=\"fas fa-envelope\"><\/i><\/a><\/div>\n                                                        <div><a href=\"tel:+05359262483\"><i class=\"fas fa-phone\"><\/i><\/a><\/div>\n                                                        <div><a href=\"https:\/\/wa.me\/+05359262483\"><i class=\"fab fa-whatsapp\"><\/i><\/a><\/div>\n                            \n                             \n                                                    <\/div>\n\n\n                    <\/div>\n                <\/div>\n            <\/div>\n                    <\/div>\n        [\/vc_column][\/vc_row][vc_row][vc_column el_class=&#8220;listing-form-area&#8220;]<div class=\"hero text-left\">Ki\u015fisel sunum i\u00e7in bizimle ileti\u015fime ge\u00e7in!<\/div>[vc_empty_space]\n<div class=\"wpcf7 no-js\" id=\"wpcf7-f1171-o3\" lang=\"en-US\" dir=\"ltr\" data-wpcf7-id=\"1171\">\n<div class=\"screen-reader-response\"><p role=\"status\" aria-live=\"polite\" aria-atomic=\"true\"><\/p> <ul><\/ul><\/div>\n<form action=\"\/de\/wp-json\/wp\/v2\/pages\/1311#wpcf7-f1171-o3\" method=\"post\" class=\"wpcf7-form init\" aria-label=\"Contact form\" novalidate=\"novalidate\" data-status=\"init\">\n<fieldset class=\"hidden-fields-container\"><input type=\"hidden\" name=\"_wpcf7\" value=\"1171\" \/><input type=\"hidden\" name=\"_wpcf7_version\" value=\"6.1.5\" \/><input type=\"hidden\" name=\"_wpcf7_locale\" value=\"en_US\" \/><input type=\"hidden\" name=\"_wpcf7_unit_tag\" value=\"wpcf7-f1171-o3\" \/><input type=\"hidden\" name=\"_wpcf7_container_post\" value=\"0\" \/><input type=\"hidden\" name=\"_wpcf7_posted_data_hash\" value=\"\" \/><input type=\"hidden\" name=\"_wpcf7_locale_orj\" value=\"de_DE\" \/>\n<\/fieldset>\n<div class=\"wpcf7-turnstile cf-turnstile\" data-sitekey=\"0x4AAAAAACx89XvKh7c-4vxs\" data-response-field-name=\"_wpcf7_turnstile_response\"><\/div>\n\n<div class=\"fields fields-3\">\n\t<p><span class=\"wpcf7-form-control-wrap\" data-name=\"your-name\"><input size=\"40\" maxlength=\"400\" class=\"wpcf7-form-control wpcf7-text wpcf7-validates-as-required name\" aria-required=\"true\" aria-invalid=\"false\" placeholder=\"Name*\" value=\"\" type=\"text\" name=\"your-name\" \/><\/span><br \/>\n<span class=\"wpcf7-form-control-wrap\" data-name=\"your-email\"><input size=\"40\" maxlength=\"400\" class=\"wpcf7-form-control wpcf7-email wpcf7-validates-as-required wpcf7-text wpcf7-validates-as-email email\" aria-required=\"true\" aria-invalid=\"false\" placeholder=\"E-Mail*\" value=\"\" type=\"email\" name=\"your-email\" \/><\/span><br \/>\n<span class=\"wpcf7-form-control-wrap\" data-name=\"your-phone\"><input size=\"40\" class=\"wpcf7-form-control wpcf7-phonetext wpcf7-validates-as-required wpcf7-text wpcf7-validates-as-phonetext phone\" aria-required=\"true\" aria-invalid=\"false\" value=\"+90\" type=\"text\" name=\"your-phone\" \/><input type=\"hidden\" name=\"your-phone-country-code\" class=\"wpcf7-phonetext-country-code\" \/><\/span>\n\t<\/p>\n<\/div>\n<div class=\"fields fields-odd\">\n\t<p><span class=\"wpcf7-form-control-wrap\" data-name=\"your-question\"><input size=\"40\" maxlength=\"400\" class=\"wpcf7-form-control wpcf7-text wpcf7-validates-as-required question\" aria-required=\"true\" aria-invalid=\"false\" placeholder=\"Any Question?\" value=\"\" type=\"text\" name=\"your-question\" \/><\/span><br \/>\n<input class=\"wpcf7-form-control wpcf7-submit has-spinner\" type=\"submit\" value=\"Send\" \/>\n\t<\/p>\n<\/div><div class=\"wpcf7-response-output\" aria-hidden=\"true\"><\/div>\n<\/form>\n<\/div>\n[vc_empty_space][\/vc_column][\/vc_row]<\/p>","protected":false},"excerpt":{"rendered":"<p>[vc_row css=&#8220;.vc_custom_1619509319604{margin-top: 30px !important;margin-bottom: 30px !important;}&#8220;][vc_column][vc_column_text]North Pier Investment wurde 2014 mit dem Ziel gegr\u00fcndet, zuverl\u00e4ssige, transparente und nachhaltige L\u00f6sungen im Immobilien- und Investmentsektor anzubieten. Seit unserer Gr\u00fcndung ist es unser Bestreben, die Bed\u00fcrfnisse unserer Investoren pr\u00e4zise zu analysieren und ihnen die passendsten Investitionsm\u00f6glichkeiten zu bieten.[\/vc_column_text][vc_column_text]Unser Hauptt\u00e4tigkeitsgebiet ist zwar Alanya, wir bieten unsere Dienstleistungen aber auch [&hellip;]<\/p>\n","protected":false},"author":5,"featured_media":0,"parent":0,"menu_order":0,"comment_status":"closed","ping_status":"closed","template":"","meta":{"inline_featured_image":false,"footnotes":""},"class_list":["post-1311","page","type-page","status-publish","hentry"],"_links":{"self":[{"href":"https:\/\/northpierinvest.com\/de\/wp-json\/wp\/v2\/pages\/1311","targetHints":{"allow":["GET"]}}],"collection":[{"href":"https:\/\/northpierinvest.com\/de\/wp-json\/wp\/v2\/pages"}],"about":[{"href":"https:\/\/northpierinvest.com\/de\/wp-json\/wp\/v2\/types\/page"}],"author":[{"embeddable":true,"href":"https:\/\/northpierinvest.com\/de\/wp-json\/wp\/v2\/users\/5"}],"replies":[{"embeddable":true,"href":"https:\/\/northpierinvest.com\/de\/wp-json\/wp\/v2\/comments?post=1311"}],"version-history":[{"count":3,"href":"https:\/\/northpierinvest.com\/de\/wp-json\/wp\/v2\/pages\/1311\/revisions"}],"predecessor-version":[{"id":50251,"href":"https:\/\/northpierinvest.com\/de\/wp-json\/wp\/v2\/pages\/1311\/revisions\/50251"}],"wp:attachment":[{"href":"https:\/\/northpierinvest.com\/de\/wp-json\/wp\/v2\/media?parent=1311"}],"curies":[{"name":"wp","href":"https:\/\/api.w.org\/{rel}","templated":true}]}}